{"id":3688286,"date":"2025-10-13T13:33:36","date_gmt":"2025-10-13T17:33:36","guid":{"rendered":"https:\/\/stoic-curie.212-227-153-4.plesk.page\/product\/bijelo-plasticno-rotirajuce-ambijentalno-led-svjetlo-o-40-x-h30-mm-8-x-02w\/"},"modified":"2026-02-25T00:00:46","modified_gmt":"2026-02-25T00:00:46","slug":"bijelo-plasticno-rotirajuce-ambijentalno-led-svjetlo-o-40-x-h30-mm-8-x-02w","status":"publish","type":"product","link":"https:\/\/stoic-curie.212-227-153-4.plesk.page\/hr\/product\/bijelo-plasticno-rotirajuce-ambijentalno-led-svjetlo-o-40-x-h30-mm-8-x-02w\/","title":{"rendered":"Bijelo plasticno rotirajuce ambijentalno LED svjetlo \u00f8 40 x h30 mm 8 x 0,2w"},"content":{"rendered":"<p>Bijelo plasticno rotirajuce ambijentalno LED svjetlo \u00f8 40 x h30 mm 8 x 0,2w &#8211; <\/p>\n<p>Bijela plasti\u010dna rotiraju\u0107a LED svjetlost. Svijetla svjetlost, niska potro\u0161nja i dugi vijek trajanja.<\/p>\n","protected":false},"excerpt":{"rendered":"<p>Bijelo plasticno rotirajuce ambijentalno LED svjetlo \u00f8 40 x h30 mm 8 x 0,2w &#8211; Bijela plasti\u010dna rotiraju\u0107a LED svjetlost.<\/p>\n","protected":false},"featured_media":5939412,"comment_status":"closed","ping_status":"closed","template":"","meta":[],"product_brand":[3221],"product_cat":[1739],"product_tag":[],"class_list":{"0":"post-3688286","1":"product","2":"type-product","3":"status-publish","4":"has-post-thumbnail","6":"product_brand-oceanled-hr","7":"product_cat-rasvjeta","9":"first","10":"instock","11":"shipping-taxable","12":"purchasable","13":"product-type-simple"},"_links":{"self":[{"href":"https:\/\/stoic-curie.212-227-153-4.plesk.page\/hr\/wp-json\/wp\/v2\/product\/3688286","targetHints":{"allow":["GET"]}}],"collection":[{"href":"https:\/\/stoic-curie.212-227-153-4.plesk.page\/hr\/wp-json\/wp\/v2\/product"}],"about":[{"href":"https:\/\/stoic-curie.212-227-153-4.plesk.page\/hr\/wp-json\/wp\/v2\/types\/product"}],"replies":[{"embeddable":true,"href":"https:\/\/stoic-curie.212-227-153-4.plesk.page\/hr\/wp-json\/wp\/v2\/comments?post=3688286"}],"version-history":[{"count":0,"href":"https:\/\/stoic-curie.212-227-153-4.plesk.page\/hr\/wp-json\/wp\/v2\/product\/3688286\/revisions"}],"wp:featuredmedia":[{"embeddable":true,"href":"https:\/\/stoic-curie.212-227-153-4.plesk.page\/hr\/wp-json\/wp\/v2\/media\/5939412"}],"wp:attachment":[{"href":"https:\/\/stoic-curie.212-227-153-4.plesk.page\/hr\/wp-json\/wp\/v2\/media?parent=3688286"}],"wp:term":[{"taxonomy":"product_brand","embeddable":true,"href":"https:\/\/stoic-curie.212-227-153-4.plesk.page\/hr\/wp-json\/wp\/v2\/product_brand?post=3688286"},{"taxonomy":"product_cat","embeddable":true,"href":"https:\/\/stoic-curie.212-227-153-4.plesk.page\/hr\/wp-json\/wp\/v2\/product_cat?post=3688286"},{"taxonomy":"product_tag","embeddable":true,"href":"https:\/\/stoic-curie.212-227-153-4.plesk.page\/hr\/wp-json\/wp\/v2\/product_tag?post=3688286"}],"curies":[{"name":"wp","href":"https:\/\/api.w.org\/{rel}","templated":true}]}}