{"id":3688287,"date":"2025-10-13T13:33:36","date_gmt":"2025-10-13T17:33:36","guid":{"rendered":"https:\/\/stoic-curie.212-227-153-4.plesk.page\/product\/led-ambijentalno-svjetlo-indus-bijeli-38mm\/"},"modified":"2026-02-25T00:00:46","modified_gmt":"2026-02-25T00:00:46","slug":"led-ambijentalno-svjetlo-indus-bijeli-38mm","status":"publish","type":"product","link":"https:\/\/stoic-curie.212-227-153-4.plesk.page\/hr\/product\/led-ambijentalno-svjetlo-indus-bijeli-38mm\/","title":{"rendered":"LED ambijentalno svjetlo Indus Bijeli 38mm"},"content":{"rendered":"<p>LED ambijentalno svjetlo Indus Bijeli 38mm &#8211; <\/p>\n<p>Vodootporna IP67 LED svjetlost za vanjsku i unutarnju upotrebu. Tijelo od niklovanog mesinga, vijci od nehr\u0111aju\u0107eg \u010delika. Univerzalno napajanje 12\/24V.<\/p>\n","protected":false},"excerpt":{"rendered":"<p>LED ambijentalno svjetlo Indus Bijeli 38mm &#8211; Vodootporna IP67 LED svjetlost za vanjsku i unutarnju upotrebu. Tijelo od niklovanog mesinga,<\/p>\n","protected":false},"featured_media":5939414,"comment_status":"closed","ping_status":"closed","template":"","meta":[],"product_brand":[2946],"product_cat":[1730,1739],"product_tag":[],"class_list":{"0":"post-3688287","1":"product","2":"type-product","3":"status-publish","4":"has-post-thumbnail","6":"product_brand-foresti-suardi-hr","7":"product_cat-dekorativna-rasvjeta","8":"product_cat-rasvjeta","10":"first","11":"instock","12":"shipping-taxable","13":"purchasable","14":"product-type-simple"},"_links":{"self":[{"href":"https:\/\/stoic-curie.212-227-153-4.plesk.page\/hr\/wp-json\/wp\/v2\/product\/3688287","targetHints":{"allow":["GET"]}}],"collection":[{"href":"https:\/\/stoic-curie.212-227-153-4.plesk.page\/hr\/wp-json\/wp\/v2\/product"}],"about":[{"href":"https:\/\/stoic-curie.212-227-153-4.plesk.page\/hr\/wp-json\/wp\/v2\/types\/product"}],"replies":[{"embeddable":true,"href":"https:\/\/stoic-curie.212-227-153-4.plesk.page\/hr\/wp-json\/wp\/v2\/comments?post=3688287"}],"version-history":[{"count":0,"href":"https:\/\/stoic-curie.212-227-153-4.plesk.page\/hr\/wp-json\/wp\/v2\/product\/3688287\/revisions"}],"wp:featuredmedia":[{"embeddable":true,"href":"https:\/\/stoic-curie.212-227-153-4.plesk.page\/hr\/wp-json\/wp\/v2\/media\/5939414"}],"wp:attachment":[{"href":"https:\/\/stoic-curie.212-227-153-4.plesk.page\/hr\/wp-json\/wp\/v2\/media?parent=3688287"}],"wp:term":[{"taxonomy":"product_brand","embeddable":true,"href":"https:\/\/stoic-curie.212-227-153-4.plesk.page\/hr\/wp-json\/wp\/v2\/product_brand?post=3688287"},{"taxonomy":"product_cat","embeddable":true,"href":"https:\/\/stoic-curie.212-227-153-4.plesk.page\/hr\/wp-json\/wp\/v2\/product_cat?post=3688287"},{"taxonomy":"product_tag","embeddable":true,"href":"https:\/\/stoic-curie.212-227-153-4.plesk.page\/hr\/wp-json\/wp\/v2\/product_tag?post=3688287"}],"curies":[{"name":"wp","href":"https:\/\/api.w.org\/{rel}","templated":true}]}}