{"id":3688317,"date":"2025-10-13T13:33:45","date_gmt":"2025-10-13T17:33:45","guid":{"rendered":"https:\/\/stoic-curie.212-227-153-4.plesk.page\/product\/indikator-razine-goriva-0-190-ohm-uflex-ultra-black-52-mm\/"},"modified":"2026-02-25T00:00:47","modified_gmt":"2026-02-25T00:00:47","slug":"indikator-razine-goriva-0-190-ohm-uflex-ultra-black-52-mm","status":"publish","type":"product","link":"https:\/\/stoic-curie.212-227-153-4.plesk.page\/hr\/product\/indikator-razine-goriva-0-190-ohm-uflex-ultra-black-52-mm\/","title":{"rendered":"Indikator razine goriva 0-190 Ohm Uflex Ultra Black 52 mm"},"content":{"rendered":"<p>Indikator razine goriva 0-190 Ohm Uflex Ultra Black 52 mm &#8211; <\/p>\n<p>Uflex IP67 vodootporni instrumenti s dvostrukim oja\u010danim le\u0107ama protiv kondenzacije. Crni plasti\u010dni okvir i crni broj\u010danik. Univerzalni napon 12\/24V s prilagodljivim crvenim ili \u017eutim pozadinskim osvjetljenjem. Ugradnja &#8216;plug and play&#8217; s priklju\u010dkom Molex na \u017eici. Svi indikatori tlaka, temperature, razine i kuta moraju biti opremljeni senzorima. GPS indikator brzine dolazi s prijemnikom i antenom.<\/p>\n","protected":false},"excerpt":{"rendered":"<p>Indikator razine goriva 0-190 Ohm Uflex Ultra Black 52 mm &#8211; Uflex IP67 vodootporni instrumenti s dvostrukim oja\u010danim le\u0107ama protiv<\/p>\n","protected":false},"featured_media":5936067,"comment_status":"closed","ping_status":"closed","template":"","meta":[],"product_brand":[3501],"product_cat":[1782,1807],"product_tag":[],"class_list":{"0":"post-3688317","1":"product","2":"type-product","3":"status-publish","4":"has-post-thumbnail","6":"product_brand-ultraflex-uflex-hr","7":"product_cat-mjeraci-razine-goriva-i-davaci","8":"product_cat-uflex-instrumenti","10":"first","11":"outofstock","12":"shipping-taxable","13":"purchasable","14":"product-type-simple"},"_links":{"self":[{"href":"https:\/\/stoic-curie.212-227-153-4.plesk.page\/hr\/wp-json\/wp\/v2\/product\/3688317","targetHints":{"allow":["GET"]}}],"collection":[{"href":"https:\/\/stoic-curie.212-227-153-4.plesk.page\/hr\/wp-json\/wp\/v2\/product"}],"about":[{"href":"https:\/\/stoic-curie.212-227-153-4.plesk.page\/hr\/wp-json\/wp\/v2\/types\/product"}],"replies":[{"embeddable":true,"href":"https:\/\/stoic-curie.212-227-153-4.plesk.page\/hr\/wp-json\/wp\/v2\/comments?post=3688317"}],"version-history":[{"count":0,"href":"https:\/\/stoic-curie.212-227-153-4.plesk.page\/hr\/wp-json\/wp\/v2\/product\/3688317\/revisions"}],"wp:featuredmedia":[{"embeddable":true,"href":"https:\/\/stoic-curie.212-227-153-4.plesk.page\/hr\/wp-json\/wp\/v2\/media\/5936067"}],"wp:attachment":[{"href":"https:\/\/stoic-curie.212-227-153-4.plesk.page\/hr\/wp-json\/wp\/v2\/media?parent=3688317"}],"wp:term":[{"taxonomy":"product_brand","embeddable":true,"href":"https:\/\/stoic-curie.212-227-153-4.plesk.page\/hr\/wp-json\/wp\/v2\/product_brand?post=3688317"},{"taxonomy":"product_cat","embeddable":true,"href":"https:\/\/stoic-curie.212-227-153-4.plesk.page\/hr\/wp-json\/wp\/v2\/product_cat?post=3688317"},{"taxonomy":"product_tag","embeddable":true,"href":"https:\/\/stoic-curie.212-227-153-4.plesk.page\/hr\/wp-json\/wp\/v2\/product_tag?post=3688317"}],"curies":[{"name":"wp","href":"https:\/\/api.w.org\/{rel}","templated":true}]}}