{"id":3688321,"date":"2025-10-13T13:33:46","date_gmt":"2025-10-13T17:33:46","guid":{"rendered":"https:\/\/stoic-curie.212-227-153-4.plesk.page\/product\/mjerac-temperature-vode-40-120o-uflex-ultra-crne-52mm\/"},"modified":"2026-02-25T00:00:47","modified_gmt":"2026-02-25T00:00:47","slug":"mjerac-temperature-vode-40-120o-uflex-ultra-crne-52mm","status":"publish","type":"product","link":"https:\/\/stoic-curie.212-227-153-4.plesk.page\/hr\/product\/mjerac-temperature-vode-40-120o-uflex-ultra-crne-52mm\/","title":{"rendered":"Mjera\u010d temperature vode 40-120\u00ba Uflex Ultra crne 52mm"},"content":{"rendered":"<p>Mjera\u010d temperature vode 40-120\u00ba Uflex Ultra crne 52mm &#8211; <\/p>\n<p>Uflex IP67 vodootporni instrumenti s dvostrukim slojnim poja\u010danim le\u0107ama otpornih na kondenzaciju. Crni plasti\u010dni okvir i crni broj\u010danik. Univerzalni napon 12\/24V s prilagodljivim crvenim ili \u017eutim pozadinskim osvjetljenjem. Instalacija &#8216;plug and play&#8217; sa \u017ei\u010danim Molex konektorom. Svi indikatori pritiska, temperature, razine i kuta moraju se dovr\u0161iti sa senzorima. GPS brzinomjer dolazi s prijemnikom i antenom.<\/p>\n","protected":false},"excerpt":{"rendered":"<p>Mjera\u010d temperature vode 40-120\u00ba Uflex Ultra crne 52mm &#8211; Uflex IP67 vodootporni instrumenti s dvostrukim slojnim poja\u010danim le\u0107ama otpornih na<\/p>\n","protected":false},"featured_media":5936067,"comment_status":"closed","ping_status":"closed","template":"","meta":[],"product_brand":[3501],"product_cat":[1807],"product_tag":[],"class_list":{"0":"post-3688321","1":"product","2":"type-product","3":"status-publish","4":"has-post-thumbnail","6":"product_brand-ultraflex-uflex-hr","7":"product_cat-uflex-instrumenti","9":"first","10":"instock","11":"shipping-taxable","12":"purchasable","13":"product-type-simple"},"_links":{"self":[{"href":"https:\/\/stoic-curie.212-227-153-4.plesk.page\/hr\/wp-json\/wp\/v2\/product\/3688321","targetHints":{"allow":["GET"]}}],"collection":[{"href":"https:\/\/stoic-curie.212-227-153-4.plesk.page\/hr\/wp-json\/wp\/v2\/product"}],"about":[{"href":"https:\/\/stoic-curie.212-227-153-4.plesk.page\/hr\/wp-json\/wp\/v2\/types\/product"}],"replies":[{"embeddable":true,"href":"https:\/\/stoic-curie.212-227-153-4.plesk.page\/hr\/wp-json\/wp\/v2\/comments?post=3688321"}],"version-history":[{"count":0,"href":"https:\/\/stoic-curie.212-227-153-4.plesk.page\/hr\/wp-json\/wp\/v2\/product\/3688321\/revisions"}],"wp:featuredmedia":[{"embeddable":true,"href":"https:\/\/stoic-curie.212-227-153-4.plesk.page\/hr\/wp-json\/wp\/v2\/media\/5936067"}],"wp:attachment":[{"href":"https:\/\/stoic-curie.212-227-153-4.plesk.page\/hr\/wp-json\/wp\/v2\/media?parent=3688321"}],"wp:term":[{"taxonomy":"product_brand","embeddable":true,"href":"https:\/\/stoic-curie.212-227-153-4.plesk.page\/hr\/wp-json\/wp\/v2\/product_brand?post=3688321"},{"taxonomy":"product_cat","embeddable":true,"href":"https:\/\/stoic-curie.212-227-153-4.plesk.page\/hr\/wp-json\/wp\/v2\/product_cat?post=3688321"},{"taxonomy":"product_tag","embeddable":true,"href":"https:\/\/stoic-curie.212-227-153-4.plesk.page\/hr\/wp-json\/wp\/v2\/product_tag?post=3688321"}],"curies":[{"name":"wp","href":"https:\/\/api.w.org\/{rel}","templated":true}]}}