{"id":3688322,"date":"2025-10-13T13:33:46","date_gmt":"2025-10-13T17:33:46","guid":{"rendered":"https:\/\/stoic-curie.212-227-153-4.plesk.page\/product\/uflex-ultra-white-12-24v-mjerac-nivoa-vode-0-190-ohm-52mm\/"},"modified":"2026-02-25T00:00:47","modified_gmt":"2026-02-25T00:00:47","slug":"uflex-ultra-white-12-24v-mjerac-nivoa-vode-0-190-ohm-52mm","status":"publish","type":"product","link":"https:\/\/stoic-curie.212-227-153-4.plesk.page\/hr\/product\/uflex-ultra-white-12-24v-mjerac-nivoa-vode-0-190-ohm-52mm\/","title":{"rendered":"Uflex Ultra White 12 \/ 24V mjera\u010d nivoa vode 0-190 Ohm 52mm"},"content":{"rendered":"<p>Uflex Ultra White 12 \/ 24V mjera\u010d nivoa vode 0-190 Ohm 52mm &#8211; <\/p>\n<p>Uflex IP67 vodootporna instrumenta s dvostrukom oja\u010danom anti-kondenzacijskom le\u0107om. Crni plasti\u010dni okvir i bijeli broj\u010danik. Univerzalni napon 12\/24V s prilagodljivim crvenim ili \u017eutim pozadinskim osvjetljenjem. Uklju\u010duje instalaciju plug-and-play s priklju\u010denim Molex konektorom. Svi indikatori tlaka, temperature, razine i kuta moraju biti opremljeni senzorima. GPS mjera\u010d brzine opremljen je prijemnikom i antenom.<\/p>\n","protected":false},"excerpt":{"rendered":"<p>Uflex Ultra White 12 \/ 24V mjera\u010d nivoa vode 0-190 Ohm 52mm &#8211; Uflex IP67 vodootporna instrumenta s dvostrukom oja\u010danom<\/p>\n","protected":false},"featured_media":5936072,"comment_status":"closed","ping_status":"closed","template":"","meta":[],"product_brand":[3501],"product_cat":[1658,1807],"product_tag":[],"class_list":{"0":"post-3688322","1":"product","2":"type-product","3":"status-publish","4":"has-post-thumbnail","6":"product_brand-ultraflex-uflex-hr","7":"product_cat-mjeraci-razine-vode-i-davaci-razine","8":"product_cat-uflex-instrumenti","10":"first","11":"instock","12":"shipping-taxable","13":"purchasable","14":"product-type-simple"},"_links":{"self":[{"href":"https:\/\/stoic-curie.212-227-153-4.plesk.page\/hr\/wp-json\/wp\/v2\/product\/3688322","targetHints":{"allow":["GET"]}}],"collection":[{"href":"https:\/\/stoic-curie.212-227-153-4.plesk.page\/hr\/wp-json\/wp\/v2\/product"}],"about":[{"href":"https:\/\/stoic-curie.212-227-153-4.plesk.page\/hr\/wp-json\/wp\/v2\/types\/product"}],"replies":[{"embeddable":true,"href":"https:\/\/stoic-curie.212-227-153-4.plesk.page\/hr\/wp-json\/wp\/v2\/comments?post=3688322"}],"version-history":[{"count":0,"href":"https:\/\/stoic-curie.212-227-153-4.plesk.page\/hr\/wp-json\/wp\/v2\/product\/3688322\/revisions"}],"wp:featuredmedia":[{"embeddable":true,"href":"https:\/\/stoic-curie.212-227-153-4.plesk.page\/hr\/wp-json\/wp\/v2\/media\/5936072"}],"wp:attachment":[{"href":"https:\/\/stoic-curie.212-227-153-4.plesk.page\/hr\/wp-json\/wp\/v2\/media?parent=3688322"}],"wp:term":[{"taxonomy":"product_brand","embeddable":true,"href":"https:\/\/stoic-curie.212-227-153-4.plesk.page\/hr\/wp-json\/wp\/v2\/product_brand?post=3688322"},{"taxonomy":"product_cat","embeddable":true,"href":"https:\/\/stoic-curie.212-227-153-4.plesk.page\/hr\/wp-json\/wp\/v2\/product_cat?post=3688322"},{"taxonomy":"product_tag","embeddable":true,"href":"https:\/\/stoic-curie.212-227-153-4.plesk.page\/hr\/wp-json\/wp\/v2\/product_tag?post=3688322"}],"curies":[{"name":"wp","href":"https:\/\/api.w.org\/{rel}","templated":true}]}}