{"id":3688332,"date":"2025-10-13T13:33:49","date_gmt":"2025-10-13T17:33:49","guid":{"rendered":"https:\/\/stoic-curie.212-227-153-4.plesk.page\/product\/indikatori-vjetra-za-zicane-kabele-5mm\/"},"modified":"2026-02-25T00:00:47","modified_gmt":"2026-02-25T00:00:47","slug":"indikatori-vjetra-za-zicane-kabele-5mm","status":"publish","type":"product","link":"https:\/\/stoic-curie.212-227-153-4.plesk.page\/hr\/product\/indikatori-vjetra-za-zicane-kabele-5mm\/","title":{"rendered":"Indikatori vjetra za \u017eicane kabele 5mm"},"content":{"rendered":"<p>Indikatori vjetra za \u017eicane kabele 5mm &#8211; <\/p>\n<p>Indikatori vjetra za ostanak. Nema alata potrebnog za pri\u010dvr\u0161\u0107ivanje na stay. Rotiraju\u0107a veza od 360\u00b0.<\/p>\n","protected":false},"excerpt":{"rendered":"<p>Indikatori vjetra za \u017eicane kabele 5mm &#8211; Indikatori vjetra za ostanak. Nema alata potrebnog za pri\u010dvr\u0161\u0107ivanje na stay. Rotiraju\u0107a veza<\/p>\n","protected":false},"featured_media":5939532,"comment_status":"closed","ping_status":"closed","template":"","meta":[],"product_brand":[3236],"product_cat":[1771,1776],"product_tag":[],"class_list":{"0":"post-3688332","1":"product","2":"type-product","3":"status-publish","4":"has-post-thumbnail","6":"product_brand-osculati-hr","7":"product_cat-oprema-za-jedrilice-oprema-za-jedrilice","8":"product_cat-oprema-za-signalizaciju","10":"first","11":"outofstock","12":"shipping-taxable","13":"purchasable","14":"product-type-simple"},"_links":{"self":[{"href":"https:\/\/stoic-curie.212-227-153-4.plesk.page\/hr\/wp-json\/wp\/v2\/product\/3688332","targetHints":{"allow":["GET"]}}],"collection":[{"href":"https:\/\/stoic-curie.212-227-153-4.plesk.page\/hr\/wp-json\/wp\/v2\/product"}],"about":[{"href":"https:\/\/stoic-curie.212-227-153-4.plesk.page\/hr\/wp-json\/wp\/v2\/types\/product"}],"replies":[{"embeddable":true,"href":"https:\/\/stoic-curie.212-227-153-4.plesk.page\/hr\/wp-json\/wp\/v2\/comments?post=3688332"}],"version-history":[{"count":0,"href":"https:\/\/stoic-curie.212-227-153-4.plesk.page\/hr\/wp-json\/wp\/v2\/product\/3688332\/revisions"}],"wp:featuredmedia":[{"embeddable":true,"href":"https:\/\/stoic-curie.212-227-153-4.plesk.page\/hr\/wp-json\/wp\/v2\/media\/5939532"}],"wp:attachment":[{"href":"https:\/\/stoic-curie.212-227-153-4.plesk.page\/hr\/wp-json\/wp\/v2\/media?parent=3688332"}],"wp:term":[{"taxonomy":"product_brand","embeddable":true,"href":"https:\/\/stoic-curie.212-227-153-4.plesk.page\/hr\/wp-json\/wp\/v2\/product_brand?post=3688332"},{"taxonomy":"product_cat","embeddable":true,"href":"https:\/\/stoic-curie.212-227-153-4.plesk.page\/hr\/wp-json\/wp\/v2\/product_cat?post=3688332"},{"taxonomy":"product_tag","embeddable":true,"href":"https:\/\/stoic-curie.212-227-153-4.plesk.page\/hr\/wp-json\/wp\/v2\/product_tag?post=3688332"}],"curies":[{"name":"wp","href":"https:\/\/api.w.org\/{rel}","templated":true}]}}