{"id":3688350,"date":"2025-10-13T13:33:53","date_gmt":"2025-10-13T17:33:53","guid":{"rendered":"https:\/\/stoic-curie.212-227-153-4.plesk.page\/product\/b-zakrpa-za-drzac-vesla-200x95mm-d11mm\/"},"modified":"2026-02-25T00:00:47","modified_gmt":"2026-02-25T00:00:47","slug":"b-zakrpa-za-drzac-vesla-200x95mm-d11mm","status":"publish","type":"product","link":"https:\/\/stoic-curie.212-227-153-4.plesk.page\/hr\/product\/b-zakrpa-za-drzac-vesla-200x95mm-d11mm\/","title":{"rendered":"B zakrpa za dr\u017ea\u010d vesla 200x95mm D11mm"},"content":{"rendered":"<p>B zakrpa za dr\u017ea\u010d vesla 200x95mm D11mm &#8211; <\/p>\n<p>Gumeni zup\u010danik sa priklju\u010dkom D11 mm.<\/p>\n","protected":false},"excerpt":{"rendered":"<p>B zakrpa za dr\u017ea\u010d vesla 200x95mm D11mm &#8211; Gumeni zup\u010danik sa priklju\u010dkom D11 mm.<\/p>\n","protected":false},"featured_media":5939579,"comment_status":"closed","ping_status":"closed","template":"","meta":[],"product_brand":[2861],"product_cat":[1839],"product_tag":[],"class_list":{"0":"post-3688350","1":"product","2":"type-product","3":"status-publish","4":"has-post-thumbnail","6":"product_brand-ceredi-hr","7":"product_cat-oprema-za-pomocne-brodice","9":"first","10":"instock","11":"shipping-taxable","12":"purchasable","13":"product-type-simple"},"_links":{"self":[{"href":"https:\/\/stoic-curie.212-227-153-4.plesk.page\/hr\/wp-json\/wp\/v2\/product\/3688350","targetHints":{"allow":["GET"]}}],"collection":[{"href":"https:\/\/stoic-curie.212-227-153-4.plesk.page\/hr\/wp-json\/wp\/v2\/product"}],"about":[{"href":"https:\/\/stoic-curie.212-227-153-4.plesk.page\/hr\/wp-json\/wp\/v2\/types\/product"}],"replies":[{"embeddable":true,"href":"https:\/\/stoic-curie.212-227-153-4.plesk.page\/hr\/wp-json\/wp\/v2\/comments?post=3688350"}],"version-history":[{"count":0,"href":"https:\/\/stoic-curie.212-227-153-4.plesk.page\/hr\/wp-json\/wp\/v2\/product\/3688350\/revisions"}],"wp:featuredmedia":[{"embeddable":true,"href":"https:\/\/stoic-curie.212-227-153-4.plesk.page\/hr\/wp-json\/wp\/v2\/media\/5939579"}],"wp:attachment":[{"href":"https:\/\/stoic-curie.212-227-153-4.plesk.page\/hr\/wp-json\/wp\/v2\/media?parent=3688350"}],"wp:term":[{"taxonomy":"product_brand","embeddable":true,"href":"https:\/\/stoic-curie.212-227-153-4.plesk.page\/hr\/wp-json\/wp\/v2\/product_brand?post=3688350"},{"taxonomy":"product_cat","embeddable":true,"href":"https:\/\/stoic-curie.212-227-153-4.plesk.page\/hr\/wp-json\/wp\/v2\/product_cat?post=3688350"},{"taxonomy":"product_tag","embeddable":true,"href":"https:\/\/stoic-curie.212-227-153-4.plesk.page\/hr\/wp-json\/wp\/v2\/product_tag?post=3688350"}],"curies":[{"name":"wp","href":"https:\/\/api.w.org\/{rel}","templated":true}]}}