{"id":3688356,"date":"2025-10-13T13:33:55","date_gmt":"2025-10-13T17:33:55","guid":{"rendered":"https:\/\/stoic-curie.212-227-153-4.plesk.page\/product\/ventil-za-smanjenje-pritiska\/"},"modified":"2026-02-25T00:00:47","modified_gmt":"2026-02-25T00:00:47","slug":"ventil-za-smanjenje-pritiska","status":"publish","type":"product","link":"https:\/\/stoic-curie.212-227-153-4.plesk.page\/hr\/product\/ventil-za-smanjenje-pritiska\/","title":{"rendered":"Ventil za smanjenje pritiska"},"content":{"rendered":"<p>Ventil za smanjenje pritiska &#8211; <\/p>\n<p>Ventil za ispu\u0161tanje pritiska koji se postavlja izme\u0111u \u010damca i pumpe. Kada se postigne \u017eeljeni pritisak, ventil ispu\u0161ta suvi\u0161ni zrak.<\/p>\n","protected":false},"excerpt":{"rendered":"<p>Ventil za smanjenje pritiska &#8211; Ventil za ispu\u0161tanje pritiska koji se postavlja izme\u0111u \u010damca i pumpe. Kada se postigne \u017eeljeni<\/p>\n","protected":false},"featured_media":5939585,"comment_status":"closed","ping_status":"closed","template":"","meta":[],"product_brand":[2851],"product_cat":[1839,1835],"product_tag":[],"class_list":{"0":"post-3688356","1":"product","2":"type-product","3":"status-publish","4":"has-post-thumbnail","6":"product_brand-bravo-scoprega-hr","7":"product_cat-oprema-za-pomocne-brodice","8":"product_cat-pumpe-za-pneumatske-camce","10":"first","11":"instock","12":"shipping-taxable","13":"purchasable","14":"product-type-simple"},"_links":{"self":[{"href":"https:\/\/stoic-curie.212-227-153-4.plesk.page\/hr\/wp-json\/wp\/v2\/product\/3688356","targetHints":{"allow":["GET"]}}],"collection":[{"href":"https:\/\/stoic-curie.212-227-153-4.plesk.page\/hr\/wp-json\/wp\/v2\/product"}],"about":[{"href":"https:\/\/stoic-curie.212-227-153-4.plesk.page\/hr\/wp-json\/wp\/v2\/types\/product"}],"replies":[{"embeddable":true,"href":"https:\/\/stoic-curie.212-227-153-4.plesk.page\/hr\/wp-json\/wp\/v2\/comments?post=3688356"}],"version-history":[{"count":0,"href":"https:\/\/stoic-curie.212-227-153-4.plesk.page\/hr\/wp-json\/wp\/v2\/product\/3688356\/revisions"}],"wp:featuredmedia":[{"embeddable":true,"href":"https:\/\/stoic-curie.212-227-153-4.plesk.page\/hr\/wp-json\/wp\/v2\/media\/5939585"}],"wp:attachment":[{"href":"https:\/\/stoic-curie.212-227-153-4.plesk.page\/hr\/wp-json\/wp\/v2\/media?parent=3688356"}],"wp:term":[{"taxonomy":"product_brand","embeddable":true,"href":"https:\/\/stoic-curie.212-227-153-4.plesk.page\/hr\/wp-json\/wp\/v2\/product_brand?post=3688356"},{"taxonomy":"product_cat","embeddable":true,"href":"https:\/\/stoic-curie.212-227-153-4.plesk.page\/hr\/wp-json\/wp\/v2\/product_cat?post=3688356"},{"taxonomy":"product_tag","embeddable":true,"href":"https:\/\/stoic-curie.212-227-153-4.plesk.page\/hr\/wp-json\/wp\/v2\/product_tag?post=3688356"}],"curies":[{"name":"wp","href":"https:\/\/api.w.org\/{rel}","templated":true}]}}