{"id":3688367,"date":"2025-10-13T13:33:58","date_gmt":"2025-10-13T17:33:58","guid":{"rendered":"https:\/\/stoic-curie.212-227-153-4.plesk.page\/product\/prsluk-za-spasavanje-za-bebu-solas\/"},"modified":"2026-02-25T00:00:47","modified_gmt":"2026-02-25T00:00:47","slug":"prsluk-za-spasavanje-za-bebu-solas","status":"publish","type":"product","link":"https:\/\/stoic-curie.212-227-153-4.plesk.page\/hr\/product\/prsluk-za-spasavanje-za-bebu-solas\/","title":{"rendered":"Prsluk za spa\u0161avanje za bebu, SOLAS"},"content":{"rendered":"<p>Prsluk za spa\u0161avanje za bebu, SOLAS &#8211; <\/p>\n<p>Solas M.E.D. 2014\/90\/EU pjena prsluk za spa\u0161avanje, izra\u0111en u skladu s najnovijim propisima za prijevoz putnika i tereta. Opremljen s kop\u010dom, petljom za podizanje, buddy linijom, reflektiraju\u0107im trakama i zvi\u017edaljkom. 170N &#8211; Za kori\u0161tenje u uzburkanim vodama, za osobe (\u010dak i onesvije\u0161tene) u te\u0161koj ili vodootpornoj odje\u0107i.<\/p>\n","protected":false},"excerpt":{"rendered":"<p>Prsluk za spa\u0161avanje za bebu, SOLAS &#8211; Solas M.E.D. 2014\/90\/EU pjena prsluk za spa\u0161avanje, izra\u0111en u skladu s najnovijim propisima<\/p>\n","protected":false},"featured_media":5939607,"comment_status":"closed","ping_status":"closed","template":"","meta":[],"product_brand":[3516],"product_cat":[1606],"product_tag":[],"class_list":{"0":"post-3688367","1":"product","2":"type-product","3":"status-publish","4":"has-post-thumbnail","6":"product_brand-veleria-san-giorgio-hr","7":"product_cat-djecji-prsluci-za-spasavanje","9":"first","10":"instock","11":"shipping-taxable","12":"purchasable","13":"product-type-simple"},"_links":{"self":[{"href":"https:\/\/stoic-curie.212-227-153-4.plesk.page\/hr\/wp-json\/wp\/v2\/product\/3688367","targetHints":{"allow":["GET"]}}],"collection":[{"href":"https:\/\/stoic-curie.212-227-153-4.plesk.page\/hr\/wp-json\/wp\/v2\/product"}],"about":[{"href":"https:\/\/stoic-curie.212-227-153-4.plesk.page\/hr\/wp-json\/wp\/v2\/types\/product"}],"replies":[{"embeddable":true,"href":"https:\/\/stoic-curie.212-227-153-4.plesk.page\/hr\/wp-json\/wp\/v2\/comments?post=3688367"}],"version-history":[{"count":0,"href":"https:\/\/stoic-curie.212-227-153-4.plesk.page\/hr\/wp-json\/wp\/v2\/product\/3688367\/revisions"}],"wp:featuredmedia":[{"embeddable":true,"href":"https:\/\/stoic-curie.212-227-153-4.plesk.page\/hr\/wp-json\/wp\/v2\/media\/5939607"}],"wp:attachment":[{"href":"https:\/\/stoic-curie.212-227-153-4.plesk.page\/hr\/wp-json\/wp\/v2\/media?parent=3688367"}],"wp:term":[{"taxonomy":"product_brand","embeddable":true,"href":"https:\/\/stoic-curie.212-227-153-4.plesk.page\/hr\/wp-json\/wp\/v2\/product_brand?post=3688367"},{"taxonomy":"product_cat","embeddable":true,"href":"https:\/\/stoic-curie.212-227-153-4.plesk.page\/hr\/wp-json\/wp\/v2\/product_cat?post=3688367"},{"taxonomy":"product_tag","embeddable":true,"href":"https:\/\/stoic-curie.212-227-153-4.plesk.page\/hr\/wp-json\/wp\/v2\/product_tag?post=3688367"}],"curies":[{"name":"wp","href":"https:\/\/api.w.org\/{rel}","templated":true}]}}