{"id":3688375,"date":"2025-10-13T13:34:00","date_gmt":"2025-10-13T17:34:00","guid":{"rendered":"https:\/\/stoic-curie.212-227-153-4.plesk.page\/product\/brodski-aparat-za-gasenje-pozara-2-kg-8-a-70-b-c\/"},"modified":"2026-02-25T00:00:47","modified_gmt":"2026-02-25T00:00:47","slug":"brodski-aparat-za-gasenje-pozara-2-kg-8-a-70-b-c","status":"publish","type":"product","link":"https:\/\/stoic-curie.212-227-153-4.plesk.page\/hr\/product\/brodski-aparat-za-gasenje-pozara-2-kg-8-a-70-b-c\/","title":{"rendered":"Brodski aparat za ga\u0161enje po\u017eara 2 kg (8 A-70 B-C)"},"content":{"rendered":"<p>Brodski aparat za ga\u0161enje po\u017eara 2 kg (8 A-70 B-C) &#8211; <\/p>\n<p>Oprema za prah koji je odobren od strane CE i R.I.Na. Dolazi s manometrom za punjenje i otisnutim datumom proizvodnje. Prodaje se bez oznake isteka (nije potrebno za mala plovila). Za \u010damce, oznaku isteka treba zatra\u017eiti od tehni\u010dara za odr\u017eavanje aparata za ga\u0161enje po\u017eara.<\/p>\n","protected":false},"excerpt":{"rendered":"<p>Brodski aparat za ga\u0161enje po\u017eara 2 kg (8 A-70 B-C) &#8211; Oprema za prah koji je odobren od strane CE<\/p>\n","protected":false},"featured_media":5939617,"comment_status":"closed","ping_status":"closed","template":"","meta":[],"product_brand":[2776],"product_cat":[1600],"product_tag":[],"class_list":{"0":"post-3688375","1":"product","2":"type-product","3":"status-publish","4":"has-post-thumbnail","6":"product_brand-anaf-marine-hr","7":"product_cat-brodski-aparati-za-gasenje-pozara","9":"first","10":"instock","11":"shipping-taxable","12":"purchasable","13":"product-type-simple"},"_links":{"self":[{"href":"https:\/\/stoic-curie.212-227-153-4.plesk.page\/hr\/wp-json\/wp\/v2\/product\/3688375","targetHints":{"allow":["GET"]}}],"collection":[{"href":"https:\/\/stoic-curie.212-227-153-4.plesk.page\/hr\/wp-json\/wp\/v2\/product"}],"about":[{"href":"https:\/\/stoic-curie.212-227-153-4.plesk.page\/hr\/wp-json\/wp\/v2\/types\/product"}],"replies":[{"embeddable":true,"href":"https:\/\/stoic-curie.212-227-153-4.plesk.page\/hr\/wp-json\/wp\/v2\/comments?post=3688375"}],"version-history":[{"count":0,"href":"https:\/\/stoic-curie.212-227-153-4.plesk.page\/hr\/wp-json\/wp\/v2\/product\/3688375\/revisions"}],"wp:featuredmedia":[{"embeddable":true,"href":"https:\/\/stoic-curie.212-227-153-4.plesk.page\/hr\/wp-json\/wp\/v2\/media\/5939617"}],"wp:attachment":[{"href":"https:\/\/stoic-curie.212-227-153-4.plesk.page\/hr\/wp-json\/wp\/v2\/media?parent=3688375"}],"wp:term":[{"taxonomy":"product_brand","embeddable":true,"href":"https:\/\/stoic-curie.212-227-153-4.plesk.page\/hr\/wp-json\/wp\/v2\/product_brand?post=3688375"},{"taxonomy":"product_cat","embeddable":true,"href":"https:\/\/stoic-curie.212-227-153-4.plesk.page\/hr\/wp-json\/wp\/v2\/product_cat?post=3688375"},{"taxonomy":"product_tag","embeddable":true,"href":"https:\/\/stoic-curie.212-227-153-4.plesk.page\/hr\/wp-json\/wp\/v2\/product_tag?post=3688375"}],"curies":[{"name":"wp","href":"https:\/\/api.w.org\/{rel}","templated":true}]}}