{"id":3688376,"date":"2025-10-13T13:34:00","date_gmt":"2025-10-13T17:34:00","guid":{"rendered":"https:\/\/stoic-curie.212-227-153-4.plesk.page\/product\/protupozarni-pokrivac-ce-certificiran-1000-x-1000mm\/"},"modified":"2026-02-25T00:00:47","modified_gmt":"2026-02-25T00:00:47","slug":"protupozarni-pokrivac-ce-certificiran-1000-x-1000mm","status":"publish","type":"product","link":"https:\/\/stoic-curie.212-227-153-4.plesk.page\/hr\/product\/protupozarni-pokrivac-ce-certificiran-1000-x-1000mm\/","title":{"rendered":"Protupo\u017earni pokrivac CE certificiran 1000 x 1000mm"},"content":{"rendered":"<p>Protupo\u017earni pokrivac CE certificiran 1000 x 1000mm &#8211; <\/p>\n<p>CE-certificirani vatrogasni pokriva\u010d koji treba \u010duvati u blizini strojarnice, pe\u0107i i \u0161tednjaka.<\/p>\n","protected":false},"excerpt":{"rendered":"<p>Protupo\u017earni pokrivac CE certificiran 1000 x 1000mm &#8211; CE-certificirani vatrogasni pokriva\u010d koji treba \u010duvati u blizini strojarnice, pe\u0107i i \u0161tednjaka.<\/p>\n","protected":false},"featured_media":5939619,"comment_status":"closed","ping_status":"closed","template":"","meta":[],"product_brand":[2776],"product_cat":[1600],"product_tag":[],"class_list":{"0":"post-3688376","1":"product","2":"type-product","3":"status-publish","4":"has-post-thumbnail","6":"product_brand-anaf-marine-hr","7":"product_cat-brodski-aparati-za-gasenje-pozara","9":"first","10":"instock","11":"shipping-taxable","12":"purchasable","13":"product-type-simple"},"_links":{"self":[{"href":"https:\/\/stoic-curie.212-227-153-4.plesk.page\/hr\/wp-json\/wp\/v2\/product\/3688376","targetHints":{"allow":["GET"]}}],"collection":[{"href":"https:\/\/stoic-curie.212-227-153-4.plesk.page\/hr\/wp-json\/wp\/v2\/product"}],"about":[{"href":"https:\/\/stoic-curie.212-227-153-4.plesk.page\/hr\/wp-json\/wp\/v2\/types\/product"}],"replies":[{"embeddable":true,"href":"https:\/\/stoic-curie.212-227-153-4.plesk.page\/hr\/wp-json\/wp\/v2\/comments?post=3688376"}],"version-history":[{"count":0,"href":"https:\/\/stoic-curie.212-227-153-4.plesk.page\/hr\/wp-json\/wp\/v2\/product\/3688376\/revisions"}],"wp:featuredmedia":[{"embeddable":true,"href":"https:\/\/stoic-curie.212-227-153-4.plesk.page\/hr\/wp-json\/wp\/v2\/media\/5939619"}],"wp:attachment":[{"href":"https:\/\/stoic-curie.212-227-153-4.plesk.page\/hr\/wp-json\/wp\/v2\/media?parent=3688376"}],"wp:term":[{"taxonomy":"product_brand","embeddable":true,"href":"https:\/\/stoic-curie.212-227-153-4.plesk.page\/hr\/wp-json\/wp\/v2\/product_brand?post=3688376"},{"taxonomy":"product_cat","embeddable":true,"href":"https:\/\/stoic-curie.212-227-153-4.plesk.page\/hr\/wp-json\/wp\/v2\/product_cat?post=3688376"},{"taxonomy":"product_tag","embeddable":true,"href":"https:\/\/stoic-curie.212-227-153-4.plesk.page\/hr\/wp-json\/wp\/v2\/product_tag?post=3688376"}],"curies":[{"name":"wp","href":"https:\/\/api.w.org\/{rel}","templated":true}]}}