{"id":3688378,"date":"2025-10-13T13:34:01","date_gmt":"2025-10-13T17:34:01","guid":{"rendered":"https:\/\/stoic-curie.212-227-153-4.plesk.page\/product\/ogledalo-za-signaliziranje-covjek-u-moru\/"},"modified":"2026-02-25T00:00:47","modified_gmt":"2026-02-25T00:00:47","slug":"ogledalo-za-signaliziranje-covjek-u-moru","status":"publish","type":"product","link":"https:\/\/stoic-curie.212-227-153-4.plesk.page\/hr\/product\/ogledalo-za-signaliziranje-covjek-u-moru\/","title":{"rendered":"Ogledalo za signaliziranje &#8220;Covjek u moru&#8221;"},"content":{"rendered":"<p>Ogledalo za signaliziranje &#8220;Covjek u moru&#8221; &#8211; <\/p>\n<p>Ogledalo koje reflektira sun\u010deve zrake. Mo\u017ee signalizirati poziciju \u010damca ili M.O.B. (\u010covjek u moru).<\/p>\n","protected":false},"excerpt":{"rendered":"<p>Ogledalo za signaliziranje &#8220;Covjek u moru&#8221; &#8211; Ogledalo koje reflektira sun\u010deve zrake. Mo\u017ee signalizirati poziciju \u010damca ili M.O.B. (\u010covjek u<\/p>\n","protected":false},"featured_media":5939621,"comment_status":"closed","ping_status":"closed","template":"","meta":[],"product_brand":[3516],"product_cat":[1776,1605],"product_tag":[],"class_list":{"0":"post-3688378","1":"product","2":"type-product","3":"status-publish","4":"has-post-thumbnail","6":"product_brand-veleria-san-giorgio-hr","7":"product_cat-oprema-za-signalizaciju","8":"product_cat-oprema-za-sigurnost-plovila","10":"first","11":"instock","12":"shipping-taxable","13":"purchasable","14":"product-type-simple"},"_links":{"self":[{"href":"https:\/\/stoic-curie.212-227-153-4.plesk.page\/hr\/wp-json\/wp\/v2\/product\/3688378","targetHints":{"allow":["GET"]}}],"collection":[{"href":"https:\/\/stoic-curie.212-227-153-4.plesk.page\/hr\/wp-json\/wp\/v2\/product"}],"about":[{"href":"https:\/\/stoic-curie.212-227-153-4.plesk.page\/hr\/wp-json\/wp\/v2\/types\/product"}],"replies":[{"embeddable":true,"href":"https:\/\/stoic-curie.212-227-153-4.plesk.page\/hr\/wp-json\/wp\/v2\/comments?post=3688378"}],"version-history":[{"count":0,"href":"https:\/\/stoic-curie.212-227-153-4.plesk.page\/hr\/wp-json\/wp\/v2\/product\/3688378\/revisions"}],"wp:featuredmedia":[{"embeddable":true,"href":"https:\/\/stoic-curie.212-227-153-4.plesk.page\/hr\/wp-json\/wp\/v2\/media\/5939621"}],"wp:attachment":[{"href":"https:\/\/stoic-curie.212-227-153-4.plesk.page\/hr\/wp-json\/wp\/v2\/media?parent=3688378"}],"wp:term":[{"taxonomy":"product_brand","embeddable":true,"href":"https:\/\/stoic-curie.212-227-153-4.plesk.page\/hr\/wp-json\/wp\/v2\/product_brand?post=3688378"},{"taxonomy":"product_cat","embeddable":true,"href":"https:\/\/stoic-curie.212-227-153-4.plesk.page\/hr\/wp-json\/wp\/v2\/product_cat?post=3688378"},{"taxonomy":"product_tag","embeddable":true,"href":"https:\/\/stoic-curie.212-227-153-4.plesk.page\/hr\/wp-json\/wp\/v2\/product_tag?post=3688378"}],"curies":[{"name":"wp","href":"https:\/\/api.w.org\/{rel}","templated":true}]}}