{"id":3688381,"date":"2025-10-13T13:34:01","date_gmt":"2025-10-13T17:34:01","guid":{"rendered":"https:\/\/stoic-curie.212-227-153-4.plesk.page\/product\/vodootporna-torbica-za-vhf-aquapac-195-x-175-mm\/"},"modified":"2026-02-25T00:00:47","modified_gmt":"2026-02-25T00:00:47","slug":"vodootporna-torbica-za-vhf-aquapac-195-x-175-mm","status":"publish","type":"product","link":"https:\/\/stoic-curie.212-227-153-4.plesk.page\/hr\/product\/vodootporna-torbica-za-vhf-aquapac-195-x-175-mm\/","title":{"rendered":"Vodootporna torbica za VHF, Aquapac 195 x 175 mm"},"content":{"rendered":"<p>Vodootporna torbica za VHF, Aquapac 195 x 175 mm &#8211; <\/p>\n<p>Vodonepropusna ku\u0107i\u0161te za VHF do 10 m za uranjanje. Ne utje\u010de na zvuk ili radio signale, svi gumbi i funkcije rade normalno kroz ku\u0107i\u0161te. U kompletu s remenom.<\/p>\n","protected":false},"excerpt":{"rendered":"<p>Vodootporna torbica za VHF, Aquapac 195 x 175 mm &#8211; Vodonepropusna ku\u0107i\u0161te za VHF do 10 m za uranjanje. Ne<\/p>\n","protected":false},"featured_media":5939624,"comment_status":"closed","ping_status":"closed","template":"","meta":[],"product_brand":[2796],"product_cat":[1855],"product_tag":[],"class_list":{"0":"post-3688381","1":"product","2":"type-product","3":"status-publish","4":"has-post-thumbnail","6":"product_brand-aquapac-hr","7":"product_cat-suhe-torbe","9":"first","10":"instock","11":"shipping-taxable","12":"purchasable","13":"product-type-simple"},"_links":{"self":[{"href":"https:\/\/stoic-curie.212-227-153-4.plesk.page\/hr\/wp-json\/wp\/v2\/product\/3688381","targetHints":{"allow":["GET"]}}],"collection":[{"href":"https:\/\/stoic-curie.212-227-153-4.plesk.page\/hr\/wp-json\/wp\/v2\/product"}],"about":[{"href":"https:\/\/stoic-curie.212-227-153-4.plesk.page\/hr\/wp-json\/wp\/v2\/types\/product"}],"replies":[{"embeddable":true,"href":"https:\/\/stoic-curie.212-227-153-4.plesk.page\/hr\/wp-json\/wp\/v2\/comments?post=3688381"}],"version-history":[{"count":0,"href":"https:\/\/stoic-curie.212-227-153-4.plesk.page\/hr\/wp-json\/wp\/v2\/product\/3688381\/revisions"}],"wp:featuredmedia":[{"embeddable":true,"href":"https:\/\/stoic-curie.212-227-153-4.plesk.page\/hr\/wp-json\/wp\/v2\/media\/5939624"}],"wp:attachment":[{"href":"https:\/\/stoic-curie.212-227-153-4.plesk.page\/hr\/wp-json\/wp\/v2\/media?parent=3688381"}],"wp:term":[{"taxonomy":"product_brand","embeddable":true,"href":"https:\/\/stoic-curie.212-227-153-4.plesk.page\/hr\/wp-json\/wp\/v2\/product_brand?post=3688381"},{"taxonomy":"product_cat","embeddable":true,"href":"https:\/\/stoic-curie.212-227-153-4.plesk.page\/hr\/wp-json\/wp\/v2\/product_cat?post=3688381"},{"taxonomy":"product_tag","embeddable":true,"href":"https:\/\/stoic-curie.212-227-153-4.plesk.page\/hr\/wp-json\/wp\/v2\/product_tag?post=3688381"}],"curies":[{"name":"wp","href":"https:\/\/api.w.org\/{rel}","templated":true}]}}