{"id":3688390,"date":"2025-10-13T13:34:04","date_gmt":"2025-10-13T17:34:04","guid":{"rendered":"https:\/\/stoic-curie.212-227-153-4.plesk.page\/product\/cijevni-radarski-reflektor-50-x-h570-mm-25-milja\/"},"modified":"2026-02-25T00:00:47","modified_gmt":"2026-02-25T00:00:47","slug":"cijevni-radarski-reflektor-50-x-h570-mm-25-milja","status":"publish","type":"product","link":"https:\/\/stoic-curie.212-227-153-4.plesk.page\/hr\/product\/cijevni-radarski-reflektor-50-x-h570-mm-25-milja\/","title":{"rendered":"Cijevni radarski reflektor 50 x h570 mm (2,5 milja)"},"content":{"rendered":"<p>Cijevni radarski reflektor 50 x h570 mm (2,5 milja) &#8211; <\/p>\n<p>Univerzalni cijevni radarski reflektor za jedrilice. Mo\u017ee se podi\u0107i na jarbolu ili montirati na tlo s opcionalnom bazom kod 3035212. Odli\u010dna radarska osjetljivost zahvaljuju\u0107i pove\u0107anoj reflektiraju\u0107oj povr\u0161ini.<\/p>\n","protected":false},"excerpt":{"rendered":"<p>Cijevni radarski reflektor 50 x h570 mm (2,5 milja) &#8211; Univerzalni cijevni radarski reflektor za jedrilice. Mo\u017ee se podi\u0107i na<\/p>\n","protected":false},"featured_media":5939637,"comment_status":"closed","ping_status":"closed","template":"","meta":[],"product_brand":[2876],"product_cat":[1771,1776,1605],"product_tag":[],"class_list":{"0":"post-3688390","1":"product","2":"type-product","3":"status-publish","4":"has-post-thumbnail","6":"product_brand-davis-hr","7":"product_cat-oprema-za-jedrilice-oprema-za-jedrilice","8":"product_cat-oprema-za-signalizaciju","9":"product_cat-oprema-za-sigurnost-plovila","11":"first","12":"instock","13":"shipping-taxable","14":"purchasable","15":"product-type-simple"},"_links":{"self":[{"href":"https:\/\/stoic-curie.212-227-153-4.plesk.page\/hr\/wp-json\/wp\/v2\/product\/3688390","targetHints":{"allow":["GET"]}}],"collection":[{"href":"https:\/\/stoic-curie.212-227-153-4.plesk.page\/hr\/wp-json\/wp\/v2\/product"}],"about":[{"href":"https:\/\/stoic-curie.212-227-153-4.plesk.page\/hr\/wp-json\/wp\/v2\/types\/product"}],"replies":[{"embeddable":true,"href":"https:\/\/stoic-curie.212-227-153-4.plesk.page\/hr\/wp-json\/wp\/v2\/comments?post=3688390"}],"version-history":[{"count":0,"href":"https:\/\/stoic-curie.212-227-153-4.plesk.page\/hr\/wp-json\/wp\/v2\/product\/3688390\/revisions"}],"wp:featuredmedia":[{"embeddable":true,"href":"https:\/\/stoic-curie.212-227-153-4.plesk.page\/hr\/wp-json\/wp\/v2\/media\/5939637"}],"wp:attachment":[{"href":"https:\/\/stoic-curie.212-227-153-4.plesk.page\/hr\/wp-json\/wp\/v2\/media?parent=3688390"}],"wp:term":[{"taxonomy":"product_brand","embeddable":true,"href":"https:\/\/stoic-curie.212-227-153-4.plesk.page\/hr\/wp-json\/wp\/v2\/product_brand?post=3688390"},{"taxonomy":"product_cat","embeddable":true,"href":"https:\/\/stoic-curie.212-227-153-4.plesk.page\/hr\/wp-json\/wp\/v2\/product_cat?post=3688390"},{"taxonomy":"product_tag","embeddable":true,"href":"https:\/\/stoic-curie.212-227-153-4.plesk.page\/hr\/wp-json\/wp\/v2\/product_tag?post=3688390"}],"curies":[{"name":"wp","href":"https:\/\/api.w.org\/{rel}","templated":true}]}}