{"id":3688406,"date":"2025-10-13T13:34:08","date_gmt":"2025-10-13T17:34:08","guid":{"rendered":"https:\/\/stoic-curie.212-227-153-4.plesk.page\/product\/torba-za-podigace-30-x-60cm\/"},"modified":"2026-02-25T00:00:47","modified_gmt":"2026-02-25T00:00:47","slug":"torba-za-podigace-30-x-60cm","status":"publish","type":"product","link":"https:\/\/stoic-curie.212-227-153-4.plesk.page\/hr\/product\/torba-za-podigace-30-x-60cm\/","title":{"rendered":"Torba za podigace 30 x 60cm"},"content":{"rendered":"<p>Torba za podigace 30 x 60cm &#8211; <\/p>\n<p>Mre\u017easta torba s brzim zatvara\u010dem i kukom za monta\u017eu. Idealna za pohranu u\u017eadi i krpa. Omogu\u0107uje lako su\u0161enje mokre u\u017eadi, ru\u010dnika itd.<\/p>\n","protected":false},"excerpt":{"rendered":"<p>Torba za podigace 30 x 60cm &#8211; Mre\u017easta torba s brzim zatvara\u010dem i kukom za monta\u017eu. Idealna za pohranu u\u017eadi<\/p>\n","protected":false},"featured_media":5939657,"comment_status":"closed","ping_status":"closed","template":"","meta":[],"product_brand":[3236],"product_cat":[1644,1768],"product_tag":[],"class_list":{"0":"post-3688406","1":"product","2":"type-product","3":"status-publish","4":"has-post-thumbnail","6":"product_brand-osculati-hr","7":"product_cat-pribor-za-spremista","8":"product_cat-skote-i-podigaci-jedara","10":"first","11":"instock","12":"shipping-taxable","13":"purchasable","14":"product-type-simple"},"_links":{"self":[{"href":"https:\/\/stoic-curie.212-227-153-4.plesk.page\/hr\/wp-json\/wp\/v2\/product\/3688406","targetHints":{"allow":["GET"]}}],"collection":[{"href":"https:\/\/stoic-curie.212-227-153-4.plesk.page\/hr\/wp-json\/wp\/v2\/product"}],"about":[{"href":"https:\/\/stoic-curie.212-227-153-4.plesk.page\/hr\/wp-json\/wp\/v2\/types\/product"}],"replies":[{"embeddable":true,"href":"https:\/\/stoic-curie.212-227-153-4.plesk.page\/hr\/wp-json\/wp\/v2\/comments?post=3688406"}],"version-history":[{"count":0,"href":"https:\/\/stoic-curie.212-227-153-4.plesk.page\/hr\/wp-json\/wp\/v2\/product\/3688406\/revisions"}],"wp:featuredmedia":[{"embeddable":true,"href":"https:\/\/stoic-curie.212-227-153-4.plesk.page\/hr\/wp-json\/wp\/v2\/media\/5939657"}],"wp:attachment":[{"href":"https:\/\/stoic-curie.212-227-153-4.plesk.page\/hr\/wp-json\/wp\/v2\/media?parent=3688406"}],"wp:term":[{"taxonomy":"product_brand","embeddable":true,"href":"https:\/\/stoic-curie.212-227-153-4.plesk.page\/hr\/wp-json\/wp\/v2\/product_brand?post=3688406"},{"taxonomy":"product_cat","embeddable":true,"href":"https:\/\/stoic-curie.212-227-153-4.plesk.page\/hr\/wp-json\/wp\/v2\/product_cat?post=3688406"},{"taxonomy":"product_tag","embeddable":true,"href":"https:\/\/stoic-curie.212-227-153-4.plesk.page\/hr\/wp-json\/wp\/v2\/product_tag?post=3688406"}],"curies":[{"name":"wp","href":"https:\/\/api.w.org\/{rel}","templated":true}]}}