{"id":3688412,"date":"2025-10-13T13:34:10","date_gmt":"2025-10-13T17:34:10","guid":{"rendered":"https:\/\/stoic-curie.212-227-153-4.plesk.page\/product\/amortizer-za-privezni-konop-model-unimer-inline-12-14mm\/"},"modified":"2026-02-25T00:00:47","modified_gmt":"2026-02-25T00:00:47","slug":"amortizer-za-privezni-konop-model-unimer-inline-12-14mm","status":"publish","type":"product","link":"https:\/\/stoic-curie.212-227-153-4.plesk.page\/hr\/product\/amortizer-za-privezni-konop-model-unimer-inline-12-14mm\/","title":{"rendered":"Amortizer za privezni konop, model Unimer Inline 12\/14mm"},"content":{"rendered":"<p>Amortizer za privezni konop, model Unimer Inline 12\/14mm &#8211; <\/p>\n<p>\u0160vedski oblikovani privezni upija\u010d od gotovo neuni\u0161tivog EPDM gume. 6 rupa za u\u017ee i prolazi na svakom kraju omogu\u0107uju najlak\u0161e ovje\u0161anje, sigurno i ubla\u017eeno vezivanje, izbjegavaju\u0107i o\u0161te\u0107enja u\u017eadi i dr\u017ee\u0107i, dok produ\u017euje \u017eivot va\u0161oj \u010damcu. Dostupno u 3 veli\u010dine, odgovara konopcima s promjerom izme\u0111u 8 i 20 mm.<\/p>\n","protected":false},"excerpt":{"rendered":"<p>Amortizer za privezni konop, model Unimer Inline 12\/14mm &#8211; \u0160vedski oblikovani privezni upija\u010d od gotovo neuni\u0161tivog EPDM gume. 6 rupa<\/p>\n","protected":false},"featured_media":5939660,"comment_status":"closed","ping_status":"closed","template":"","meta":[],"product_brand":[3506],"product_cat":[1624],"product_tag":[],"class_list":{"0":"post-3688412","1":"product","2":"type-product","3":"status-publish","4":"has-post-thumbnail","6":"product_brand-unimer-hr","7":"product_cat-amortizeri-za-konope-za-vez","9":"first","10":"instock","11":"shipping-taxable","12":"purchasable","13":"product-type-simple"},"_links":{"self":[{"href":"https:\/\/stoic-curie.212-227-153-4.plesk.page\/hr\/wp-json\/wp\/v2\/product\/3688412","targetHints":{"allow":["GET"]}}],"collection":[{"href":"https:\/\/stoic-curie.212-227-153-4.plesk.page\/hr\/wp-json\/wp\/v2\/product"}],"about":[{"href":"https:\/\/stoic-curie.212-227-153-4.plesk.page\/hr\/wp-json\/wp\/v2\/types\/product"}],"replies":[{"embeddable":true,"href":"https:\/\/stoic-curie.212-227-153-4.plesk.page\/hr\/wp-json\/wp\/v2\/comments?post=3688412"}],"version-history":[{"count":0,"href":"https:\/\/stoic-curie.212-227-153-4.plesk.page\/hr\/wp-json\/wp\/v2\/product\/3688412\/revisions"}],"wp:featuredmedia":[{"embeddable":true,"href":"https:\/\/stoic-curie.212-227-153-4.plesk.page\/hr\/wp-json\/wp\/v2\/media\/5939660"}],"wp:attachment":[{"href":"https:\/\/stoic-curie.212-227-153-4.plesk.page\/hr\/wp-json\/wp\/v2\/media?parent=3688412"}],"wp:term":[{"taxonomy":"product_brand","embeddable":true,"href":"https:\/\/stoic-curie.212-227-153-4.plesk.page\/hr\/wp-json\/wp\/v2\/product_brand?post=3688412"},{"taxonomy":"product_cat","embeddable":true,"href":"https:\/\/stoic-curie.212-227-153-4.plesk.page\/hr\/wp-json\/wp\/v2\/product_cat?post=3688412"},{"taxonomy":"product_tag","embeddable":true,"href":"https:\/\/stoic-curie.212-227-153-4.plesk.page\/hr\/wp-json\/wp\/v2\/product_tag?post=3688412"}],"curies":[{"name":"wp","href":"https:\/\/api.w.org\/{rel}","templated":true}]}}