{"id":3688413,"date":"2025-10-13T13:34:10","date_gmt":"2025-10-13T17:34:10","guid":{"rendered":"https:\/\/stoic-curie.212-227-153-4.plesk.page\/product\/amortizer-za-privezni-konop-model-unimer-inline-16-20mm\/"},"modified":"2026-02-25T00:00:47","modified_gmt":"2026-02-25T00:00:47","slug":"amortizer-za-privezni-konop-model-unimer-inline-16-20mm","status":"publish","type":"product","link":"https:\/\/stoic-curie.212-227-153-4.plesk.page\/hr\/product\/amortizer-za-privezni-konop-model-unimer-inline-16-20mm\/","title":{"rendered":"Amortizer za privezni konop, model Unimer Inline 16\/20mm"},"content":{"rendered":"<p>Amortizer za privezni konop, model Unimer Inline 16\/20mm &#8211; <\/p>\n<p>\u0160vedski oblikovani razvodnik za vezivanje od gotovo neuni\u0161tivog EPDM gume. 6 rupa za konop i inlines na svakom kraju omogu\u0107uju najlak\u0161e ovjes, sigurnu i ubla\u017eenu vezanu to\u010dku, izbjegavaju\u0107i o\u0161te\u0107enja konopa i dr\u017ea\u010da, dok produ\u017euju \u017eivot va\u0161eg \u010damca. Dostupno u 3 veli\u010dine, odgovara konopcima promjera izme\u0111u 8 i 20 mm.<\/p>\n","protected":false},"excerpt":{"rendered":"<p>Amortizer za privezni konop, model Unimer Inline 16\/20mm &#8211; \u0160vedski oblikovani razvodnik za vezivanje od gotovo neuni\u0161tivog EPDM gume. 6<\/p>\n","protected":false},"featured_media":5939660,"comment_status":"closed","ping_status":"closed","template":"","meta":[],"product_brand":[3506],"product_cat":[1624],"product_tag":[],"class_list":{"0":"post-3688413","1":"product","2":"type-product","3":"status-publish","4":"has-post-thumbnail","6":"product_brand-unimer-hr","7":"product_cat-amortizeri-za-konope-za-vez","9":"first","10":"instock","11":"shipping-taxable","12":"purchasable","13":"product-type-simple"},"_links":{"self":[{"href":"https:\/\/stoic-curie.212-227-153-4.plesk.page\/hr\/wp-json\/wp\/v2\/product\/3688413","targetHints":{"allow":["GET"]}}],"collection":[{"href":"https:\/\/stoic-curie.212-227-153-4.plesk.page\/hr\/wp-json\/wp\/v2\/product"}],"about":[{"href":"https:\/\/stoic-curie.212-227-153-4.plesk.page\/hr\/wp-json\/wp\/v2\/types\/product"}],"replies":[{"embeddable":true,"href":"https:\/\/stoic-curie.212-227-153-4.plesk.page\/hr\/wp-json\/wp\/v2\/comments?post=3688413"}],"version-history":[{"count":0,"href":"https:\/\/stoic-curie.212-227-153-4.plesk.page\/hr\/wp-json\/wp\/v2\/product\/3688413\/revisions"}],"wp:featuredmedia":[{"embeddable":true,"href":"https:\/\/stoic-curie.212-227-153-4.plesk.page\/hr\/wp-json\/wp\/v2\/media\/5939660"}],"wp:attachment":[{"href":"https:\/\/stoic-curie.212-227-153-4.plesk.page\/hr\/wp-json\/wp\/v2\/media?parent=3688413"}],"wp:term":[{"taxonomy":"product_brand","embeddable":true,"href":"https:\/\/stoic-curie.212-227-153-4.plesk.page\/hr\/wp-json\/wp\/v2\/product_brand?post=3688413"},{"taxonomy":"product_cat","embeddable":true,"href":"https:\/\/stoic-curie.212-227-153-4.plesk.page\/hr\/wp-json\/wp\/v2\/product_cat?post=3688413"},{"taxonomy":"product_tag","embeddable":true,"href":"https:\/\/stoic-curie.212-227-153-4.plesk.page\/hr\/wp-json\/wp\/v2\/product_tag?post=3688413"}],"curies":[{"name":"wp","href":"https:\/\/api.w.org\/{rel}","templated":true}]}}