{"id":3688414,"date":"2025-10-13T13:34:10","date_gmt":"2025-10-13T17:34:10","guid":{"rendered":"https:\/\/stoic-curie.212-227-153-4.plesk.page\/product\/amortizer-za-privezni-konop-model-unimer-riviera-lx-12-14mm\/"},"modified":"2026-02-25T00:00:47","modified_gmt":"2026-02-25T00:00:47","slug":"amortizer-za-privezni-konop-model-unimer-riviera-lx-12-14mm","status":"publish","type":"product","link":"https:\/\/stoic-curie.212-227-153-4.plesk.page\/hr\/product\/amortizer-za-privezni-konop-model-unimer-riviera-lx-12-14mm\/","title":{"rendered":"Amortizer za privezni konop, model Unimer Riviera Lx 12\/14mm"},"content":{"rendered":"<p>Amortizer za privezni konop, model Unimer Riviera Lx 12\/14mm &#8211; <\/p>\n<p>Elasti\u010dni materijal otporan na UV za sidrenje. Sprje\u010dava o\u0161te\u0107enja brodova apsorbiraju\u0107i trenutne terete na sidrenim linijama. Lako se postavlja koriste\u0107i samo 2 \u010dvora bez rezanja sidrene linije. Duljina izme\u0111u 2 \u010dvora mora biti gotovo jedan i pol puta du\u017ea od du\u017eine kompenzatora.<\/p>\n","protected":false},"excerpt":{"rendered":"<p>Amortizer za privezni konop, model Unimer Riviera Lx 12\/14mm &#8211; Elasti\u010dni materijal otporan na UV za sidrenje. Sprje\u010dava o\u0161te\u0107enja brodova<\/p>\n","protected":false},"featured_media":5939664,"comment_status":"closed","ping_status":"closed","template":"","meta":[],"product_brand":[3306],"product_cat":[1624],"product_tag":[],"class_list":{"0":"post-3688414","1":"product","2":"type-product","3":"status-publish","4":"has-post-thumbnail","6":"product_brand-riviera-hr","7":"product_cat-amortizeri-za-konope-za-vez","9":"first","10":"instock","11":"shipping-taxable","12":"purchasable","13":"product-type-simple"},"_links":{"self":[{"href":"https:\/\/stoic-curie.212-227-153-4.plesk.page\/hr\/wp-json\/wp\/v2\/product\/3688414","targetHints":{"allow":["GET"]}}],"collection":[{"href":"https:\/\/stoic-curie.212-227-153-4.plesk.page\/hr\/wp-json\/wp\/v2\/product"}],"about":[{"href":"https:\/\/stoic-curie.212-227-153-4.plesk.page\/hr\/wp-json\/wp\/v2\/types\/product"}],"replies":[{"embeddable":true,"href":"https:\/\/stoic-curie.212-227-153-4.plesk.page\/hr\/wp-json\/wp\/v2\/comments?post=3688414"}],"version-history":[{"count":0,"href":"https:\/\/stoic-curie.212-227-153-4.plesk.page\/hr\/wp-json\/wp\/v2\/product\/3688414\/revisions"}],"wp:featuredmedia":[{"embeddable":true,"href":"https:\/\/stoic-curie.212-227-153-4.plesk.page\/hr\/wp-json\/wp\/v2\/media\/5939664"}],"wp:attachment":[{"href":"https:\/\/stoic-curie.212-227-153-4.plesk.page\/hr\/wp-json\/wp\/v2\/media?parent=3688414"}],"wp:term":[{"taxonomy":"product_brand","embeddable":true,"href":"https:\/\/stoic-curie.212-227-153-4.plesk.page\/hr\/wp-json\/wp\/v2\/product_brand?post=3688414"},{"taxonomy":"product_cat","embeddable":true,"href":"https:\/\/stoic-curie.212-227-153-4.plesk.page\/hr\/wp-json\/wp\/v2\/product_cat?post=3688414"},{"taxonomy":"product_tag","embeddable":true,"href":"https:\/\/stoic-curie.212-227-153-4.plesk.page\/hr\/wp-json\/wp\/v2\/product_tag?post=3688414"}],"curies":[{"name":"wp","href":"https:\/\/api.w.org\/{rel}","templated":true}]}}