{"id":3688416,"date":"2025-10-13T13:34:10","date_gmt":"2025-10-13T17:34:10","guid":{"rendered":"https:\/\/stoic-curie.212-227-153-4.plesk.page\/product\/amortizer-za-privezni-konop-unimer-u-cleat-12-16-mm\/"},"modified":"2026-02-25T00:00:47","modified_gmt":"2026-02-25T00:00:47","slug":"amortizer-za-privezni-konop-unimer-u-cleat-12-16-mm","status":"publish","type":"product","link":"https:\/\/stoic-curie.212-227-153-4.plesk.page\/hr\/product\/amortizer-za-privezni-konop-unimer-u-cleat-12-16-mm\/","title":{"rendered":"Amortizer za privezni konop, Unimer U Cleat, 12\/16 mm"},"content":{"rendered":"<p>Amortizer za privezni konop, Unimer U Cleat, 12\/16 mm &#8211; <\/p>\n<p>U-Cleat sidri\u0161ni snubber ima izmjenjivi mehanizam za zaklju\u010davanje. U-Cleat se mo\u017ee lako ponovno postaviti nakon ugradnje, prenijeti na drugu u\u017ee ili pri\u010dvrstiti na u\u017ee s okomitim spojnicama ili u\u0161icama na oba kraja. Izra\u0111en od jakog rebrastog EPDM gume, pru\u017ea najlak\u0161e i najudobnije sidrenje, izbjegava o\u0161te\u0107enja u\u017eadi i sidara, dok produ\u017eava \u017eivotni vijek va\u0161eg \u010damca. Duljinu kompenzacijskog pomaka mo\u017ee se varirati namatanjem u\u017eeta na razli\u010dit broj okretaja oko kompenzatora (nikada vi\u0161e od 3): vi\u0161e okretaja, vi\u0161e kompenzacije.<\/p>\n","protected":false},"excerpt":{"rendered":"<p>Amortizer za privezni konop, Unimer U Cleat, 12\/16 mm &#8211; U-Cleat sidri\u0161ni snubber ima izmjenjivi mehanizam za zaklju\u010davanje. U-Cleat se<\/p>\n","protected":false},"featured_media":5939668,"comment_status":"closed","ping_status":"closed","template":"","meta":[],"product_brand":[3506],"product_cat":[1624],"product_tag":[],"class_list":{"0":"post-3688416","1":"product","2":"type-product","3":"status-publish","4":"has-post-thumbnail","6":"product_brand-unimer-hr","7":"product_cat-amortizeri-za-konope-za-vez","9":"first","10":"instock","11":"shipping-taxable","12":"purchasable","13":"product-type-simple"},"_links":{"self":[{"href":"https:\/\/stoic-curie.212-227-153-4.plesk.page\/hr\/wp-json\/wp\/v2\/product\/3688416","targetHints":{"allow":["GET"]}}],"collection":[{"href":"https:\/\/stoic-curie.212-227-153-4.plesk.page\/hr\/wp-json\/wp\/v2\/product"}],"about":[{"href":"https:\/\/stoic-curie.212-227-153-4.plesk.page\/hr\/wp-json\/wp\/v2\/types\/product"}],"replies":[{"embeddable":true,"href":"https:\/\/stoic-curie.212-227-153-4.plesk.page\/hr\/wp-json\/wp\/v2\/comments?post=3688416"}],"version-history":[{"count":0,"href":"https:\/\/stoic-curie.212-227-153-4.plesk.page\/hr\/wp-json\/wp\/v2\/product\/3688416\/revisions"}],"wp:featuredmedia":[{"embeddable":true,"href":"https:\/\/stoic-curie.212-227-153-4.plesk.page\/hr\/wp-json\/wp\/v2\/media\/5939668"}],"wp:attachment":[{"href":"https:\/\/stoic-curie.212-227-153-4.plesk.page\/hr\/wp-json\/wp\/v2\/media?parent=3688416"}],"wp:term":[{"taxonomy":"product_brand","embeddable":true,"href":"https:\/\/stoic-curie.212-227-153-4.plesk.page\/hr\/wp-json\/wp\/v2\/product_brand?post=3688416"},{"taxonomy":"product_cat","embeddable":true,"href":"https:\/\/stoic-curie.212-227-153-4.plesk.page\/hr\/wp-json\/wp\/v2\/product_cat?post=3688416"},{"taxonomy":"product_tag","embeddable":true,"href":"https:\/\/stoic-curie.212-227-153-4.plesk.page\/hr\/wp-json\/wp\/v2\/product_tag?post=3688416"}],"curies":[{"name":"wp","href":"https:\/\/api.w.org\/{rel}","templated":true}]}}