{"id":3688421,"date":"2025-10-13T13:34:11","date_gmt":"2025-10-13T17:34:11","guid":{"rendered":"https:\/\/stoic-curie.212-227-153-4.plesk.page\/product\/elasticni-konopi-za-vezivanje-s-kukama-od-nehrdajuceg-celika-50cm\/"},"modified":"2026-02-25T00:00:47","modified_gmt":"2026-02-25T00:00:47","slug":"elasticni-konopi-za-vezivanje-s-kukama-od-nehrdajuceg-celika-50cm","status":"publish","type":"product","link":"https:\/\/stoic-curie.212-227-153-4.plesk.page\/hr\/product\/elasticni-konopi-za-vezivanje-s-kukama-od-nehrdajuceg-celika-50cm\/","title":{"rendered":"Elasti\u010dni konopi za vezivanje s kukama od nehrdaju\u0107eg \u010delika 50cm"},"content":{"rendered":"<p>Elasti\u010dni konopi za vezivanje s kukama od nehrdaju\u0107eg \u010delika 50cm &#8211; <\/p>\n<p>Elasti\u010dne u\u017eadi od nehr\u0111aju\u0107eg \u010delika sa 2 kuka.<\/p>\n","protected":false},"excerpt":{"rendered":"<p>Elasti\u010dni konopi za vezivanje s kukama od nehrdaju\u0107eg \u010delika 50cm &#8211; Elasti\u010dne u\u017eadi od nehr\u0111aju\u0107eg \u010delika sa 2 kuka.<\/p>\n","protected":false},"featured_media":5939679,"comment_status":"closed","ping_status":"closed","template":"","meta":[],"product_brand":[3491],"product_cat":[1608,1838],"product_tag":[],"class_list":{"0":"post-3688421","1":"product","2":"type-product","3":"status-publish","4":"has-post-thumbnail","6":"product_brand-trem-hr","7":"product_cat-elasticno-uze","8":"product_cat-trake-i-remeni-za-pritezanje","10":"first","11":"instock","12":"shipping-taxable","13":"purchasable","14":"product-type-simple"},"_links":{"self":[{"href":"https:\/\/stoic-curie.212-227-153-4.plesk.page\/hr\/wp-json\/wp\/v2\/product\/3688421","targetHints":{"allow":["GET"]}}],"collection":[{"href":"https:\/\/stoic-curie.212-227-153-4.plesk.page\/hr\/wp-json\/wp\/v2\/product"}],"about":[{"href":"https:\/\/stoic-curie.212-227-153-4.plesk.page\/hr\/wp-json\/wp\/v2\/types\/product"}],"replies":[{"embeddable":true,"href":"https:\/\/stoic-curie.212-227-153-4.plesk.page\/hr\/wp-json\/wp\/v2\/comments?post=3688421"}],"version-history":[{"count":0,"href":"https:\/\/stoic-curie.212-227-153-4.plesk.page\/hr\/wp-json\/wp\/v2\/product\/3688421\/revisions"}],"wp:featuredmedia":[{"embeddable":true,"href":"https:\/\/stoic-curie.212-227-153-4.plesk.page\/hr\/wp-json\/wp\/v2\/media\/5939679"}],"wp:attachment":[{"href":"https:\/\/stoic-curie.212-227-153-4.plesk.page\/hr\/wp-json\/wp\/v2\/media?parent=3688421"}],"wp:term":[{"taxonomy":"product_brand","embeddable":true,"href":"https:\/\/stoic-curie.212-227-153-4.plesk.page\/hr\/wp-json\/wp\/v2\/product_brand?post=3688421"},{"taxonomy":"product_cat","embeddable":true,"href":"https:\/\/stoic-curie.212-227-153-4.plesk.page\/hr\/wp-json\/wp\/v2\/product_cat?post=3688421"},{"taxonomy":"product_tag","embeddable":true,"href":"https:\/\/stoic-curie.212-227-153-4.plesk.page\/hr\/wp-json\/wp\/v2\/product_tag?post=3688421"}],"curies":[{"name":"wp","href":"https:\/\/api.w.org\/{rel}","templated":true}]}}