{"id":3688429,"date":"2025-10-13T13:34:13","date_gmt":"2025-10-13T17:34:13","guid":{"rendered":"https:\/\/stoic-curie.212-227-153-4.plesk.page\/product\/zamjenski-noz-za-fusion-rezac-uzeta\/"},"modified":"2026-02-25T00:00:47","modified_gmt":"2026-02-25T00:00:47","slug":"zamjenski-noz-za-fusion-rezac-uzeta","status":"publish","type":"product","link":"https:\/\/stoic-curie.212-227-153-4.plesk.page\/hr\/product\/zamjenski-noz-za-fusion-rezac-uzeta\/","title":{"rendered":"Zamjenski no\u017e za Fusion reza\u010d u\u017eeta"},"content":{"rendered":"<p>Zamjenski no\u017e za Fusion reza\u010d u\u017eeta &#8211; <\/p>\n<p>Prijenosni be\u017ei\u010dni punjivi elektri\u010dni reza\u010d u\u017eeta. Dose\u017ee 400 \u00b0C u nekoliko sekundi i brzo re\u017ee \u010dak i debele u\u017ead, pletenice i kablove. Tako\u0111er je prikladan za rezanje jedara, nadstre\u0161nica, remena, vrpci i bilo koje sinteti\u010dke tkanine. Dolazi s o\u0161tricom, \u010detkom za \u010di\u0161\u0107enje, punjivom baterijom i punja\u010dem. Dolazi s prijenosnom kutijom za alat.<\/p>\n","protected":false},"excerpt":{"rendered":"<p>Zamjenski no\u017e za Fusion reza\u010d u\u017eeta &#8211; Prijenosni be\u017ei\u010dni punjivi elektri\u010dni reza\u010d u\u017eeta. Dose\u017ee 400 \u00b0C u nekoliko sekundi i<\/p>\n","protected":false},"featured_media":5939683,"comment_status":"closed","ping_status":"closed","template":"","meta":[],"product_brand":[3066],"product_cat":[1613,1856],"product_tag":[],"class_list":{"0":"post-3688429","1":"product","2":"type-product","3":"status-publish","4":"has-post-thumbnail","6":"product_brand-liros-hr","7":"product_cat-alati-za-rezanje","8":"product_cat-jedrilicarski-nozevi-i-alati","10":"first","11":"instock","12":"shipping-taxable","13":"purchasable","14":"product-type-simple"},"_links":{"self":[{"href":"https:\/\/stoic-curie.212-227-153-4.plesk.page\/hr\/wp-json\/wp\/v2\/product\/3688429","targetHints":{"allow":["GET"]}}],"collection":[{"href":"https:\/\/stoic-curie.212-227-153-4.plesk.page\/hr\/wp-json\/wp\/v2\/product"}],"about":[{"href":"https:\/\/stoic-curie.212-227-153-4.plesk.page\/hr\/wp-json\/wp\/v2\/types\/product"}],"replies":[{"embeddable":true,"href":"https:\/\/stoic-curie.212-227-153-4.plesk.page\/hr\/wp-json\/wp\/v2\/comments?post=3688429"}],"version-history":[{"count":0,"href":"https:\/\/stoic-curie.212-227-153-4.plesk.page\/hr\/wp-json\/wp\/v2\/product\/3688429\/revisions"}],"wp:featuredmedia":[{"embeddable":true,"href":"https:\/\/stoic-curie.212-227-153-4.plesk.page\/hr\/wp-json\/wp\/v2\/media\/5939683"}],"wp:attachment":[{"href":"https:\/\/stoic-curie.212-227-153-4.plesk.page\/hr\/wp-json\/wp\/v2\/media?parent=3688429"}],"wp:term":[{"taxonomy":"product_brand","embeddable":true,"href":"https:\/\/stoic-curie.212-227-153-4.plesk.page\/hr\/wp-json\/wp\/v2\/product_brand?post=3688429"},{"taxonomy":"product_cat","embeddable":true,"href":"https:\/\/stoic-curie.212-227-153-4.plesk.page\/hr\/wp-json\/wp\/v2\/product_cat?post=3688429"},{"taxonomy":"product_tag","embeddable":true,"href":"https:\/\/stoic-curie.212-227-153-4.plesk.page\/hr\/wp-json\/wp\/v2\/product_tag?post=3688429"}],"curies":[{"name":"wp","href":"https:\/\/api.w.org\/{rel}","templated":true}]}}