{"id":3688434,"date":"2025-10-13T13:34:14","date_gmt":"2025-10-13T17:34:14","guid":{"rendered":"https:\/\/stoic-curie.212-227-153-4.plesk.page\/product\/rezac-savova-85-mm-rezac-za-jedra-vrecice-i-tkanine\/"},"modified":"2026-02-25T00:00:47","modified_gmt":"2026-02-25T00:00:47","slug":"rezac-savova-85-mm-rezac-za-jedra-vrecice-i-tkanine","status":"publish","type":"product","link":"https:\/\/stoic-curie.212-227-153-4.plesk.page\/hr\/product\/rezac-savova-85-mm-rezac-za-jedra-vrecice-i-tkanine\/","title":{"rendered":"Rezac \u0161avova 85 mm reza\u010d za jedra, vre\u010dice i tkanine"},"content":{"rendered":"<p>Rezac \u0161avova 85 mm reza\u010d za jedra, vre\u010dice i tkanine &#8211; <\/p>\n<p>Reza\u010d konca za jedra, vre\u0107e i tkanine.<\/p>\n","protected":false},"excerpt":{"rendered":"<p>Rezac \u0161avova 85 mm reza\u010d za jedra, vre\u010dice i tkanine &#8211; Reza\u010d konca za jedra, vre\u0107e i tkanine.<\/p>\n","protected":false},"featured_media":5939697,"comment_status":"closed","ping_status":"closed","template":"","meta":[],"product_brand":[3491],"product_cat":[1613,1856],"product_tag":[],"class_list":{"0":"post-3688434","1":"product","2":"type-product","3":"status-publish","4":"has-post-thumbnail","6":"product_brand-trem-hr","7":"product_cat-alati-za-rezanje","8":"product_cat-jedrilicarski-nozevi-i-alati","10":"first","11":"instock","12":"shipping-taxable","13":"purchasable","14":"product-type-simple"},"_links":{"self":[{"href":"https:\/\/stoic-curie.212-227-153-4.plesk.page\/hr\/wp-json\/wp\/v2\/product\/3688434","targetHints":{"allow":["GET"]}}],"collection":[{"href":"https:\/\/stoic-curie.212-227-153-4.plesk.page\/hr\/wp-json\/wp\/v2\/product"}],"about":[{"href":"https:\/\/stoic-curie.212-227-153-4.plesk.page\/hr\/wp-json\/wp\/v2\/types\/product"}],"replies":[{"embeddable":true,"href":"https:\/\/stoic-curie.212-227-153-4.plesk.page\/hr\/wp-json\/wp\/v2\/comments?post=3688434"}],"version-history":[{"count":0,"href":"https:\/\/stoic-curie.212-227-153-4.plesk.page\/hr\/wp-json\/wp\/v2\/product\/3688434\/revisions"}],"wp:featuredmedia":[{"embeddable":true,"href":"https:\/\/stoic-curie.212-227-153-4.plesk.page\/hr\/wp-json\/wp\/v2\/media\/5939697"}],"wp:attachment":[{"href":"https:\/\/stoic-curie.212-227-153-4.plesk.page\/hr\/wp-json\/wp\/v2\/media?parent=3688434"}],"wp:term":[{"taxonomy":"product_brand","embeddable":true,"href":"https:\/\/stoic-curie.212-227-153-4.plesk.page\/hr\/wp-json\/wp\/v2\/product_brand?post=3688434"},{"taxonomy":"product_cat","embeddable":true,"href":"https:\/\/stoic-curie.212-227-153-4.plesk.page\/hr\/wp-json\/wp\/v2\/product_cat?post=3688434"},{"taxonomy":"product_tag","embeddable":true,"href":"https:\/\/stoic-curie.212-227-153-4.plesk.page\/hr\/wp-json\/wp\/v2\/product_tag?post=3688434"}],"curies":[{"name":"wp","href":"https:\/\/api.w.org\/{rel}","templated":true}]}}