{"id":3688441,"date":"2025-10-13T13:34:16","date_gmt":"2025-10-13T17:34:16","guid":{"rendered":"https:\/\/stoic-curie.212-227-153-4.plesk.page\/product\/plasticni-gumbi-za-konop-za-pricvrscenje-3-8mm-bijela\/"},"modified":"2026-02-25T00:00:47","modified_gmt":"2026-02-25T00:00:47","slug":"plasticni-gumbi-za-konop-za-pricvrscenje-3-8mm-bijela","status":"publish","type":"product","link":"https:\/\/stoic-curie.212-227-153-4.plesk.page\/hr\/product\/plasticni-gumbi-za-konop-za-pricvrscenje-3-8mm-bijela\/","title":{"rendered":"Plasticni gumbi za konop za pri\u010dvr\u0161\u0107enje 3.8mm bijela"},"content":{"rendered":"<p>Plasticni gumbi za konop za pri\u010dvr\u0161\u0107enje 3.8mm bijela &#8211; <\/p>\n<p>Nylon gumbi za vezivanje u\u017eadi za fiksiranje cerada. Visina bez podno\u017eja 11mm, vanjski promjer 12mm, promjer vrata 8,5mm. Pakiranje od 100 komada.<\/p>\n","protected":false},"excerpt":{"rendered":"<p>Plasticni gumbi za konop za pri\u010dvr\u0161\u0107enje 3.8mm bijela &#8211; Nylon gumbi za vezivanje u\u017eadi za fiksiranje cerada. Visina bez podno\u017eja<\/p>\n","protected":false},"featured_media":5939704,"comment_status":"closed","ping_status":"closed","template":"","meta":[],"product_brand":[3211],"product_cat":[1689,1703],"product_tag":[],"class_list":{"0":"post-3688441","1":"product","2":"type-product","3":"status-publish","4":"has-post-thumbnail","6":"product_brand-nuova-rade-hr","7":"product_cat-bimini-tende","8":"product_cat-hardver-za-navlake-i-bimini","10":"first","11":"instock","12":"shipping-taxable","13":"purchasable","14":"product-type-simple"},"_links":{"self":[{"href":"https:\/\/stoic-curie.212-227-153-4.plesk.page\/hr\/wp-json\/wp\/v2\/product\/3688441","targetHints":{"allow":["GET"]}}],"collection":[{"href":"https:\/\/stoic-curie.212-227-153-4.plesk.page\/hr\/wp-json\/wp\/v2\/product"}],"about":[{"href":"https:\/\/stoic-curie.212-227-153-4.plesk.page\/hr\/wp-json\/wp\/v2\/types\/product"}],"replies":[{"embeddable":true,"href":"https:\/\/stoic-curie.212-227-153-4.plesk.page\/hr\/wp-json\/wp\/v2\/comments?post=3688441"}],"version-history":[{"count":0,"href":"https:\/\/stoic-curie.212-227-153-4.plesk.page\/hr\/wp-json\/wp\/v2\/product\/3688441\/revisions"}],"wp:featuredmedia":[{"embeddable":true,"href":"https:\/\/stoic-curie.212-227-153-4.plesk.page\/hr\/wp-json\/wp\/v2\/media\/5939704"}],"wp:attachment":[{"href":"https:\/\/stoic-curie.212-227-153-4.plesk.page\/hr\/wp-json\/wp\/v2\/media?parent=3688441"}],"wp:term":[{"taxonomy":"product_brand","embeddable":true,"href":"https:\/\/stoic-curie.212-227-153-4.plesk.page\/hr\/wp-json\/wp\/v2\/product_brand?post=3688441"},{"taxonomy":"product_cat","embeddable":true,"href":"https:\/\/stoic-curie.212-227-153-4.plesk.page\/hr\/wp-json\/wp\/v2\/product_cat?post=3688441"},{"taxonomy":"product_tag","embeddable":true,"href":"https:\/\/stoic-curie.212-227-153-4.plesk.page\/hr\/wp-json\/wp\/v2\/product_tag?post=3688441"}],"curies":[{"name":"wp","href":"https:\/\/api.w.org\/{rel}","templated":true}]}}