{"id":3688444,"date":"2025-10-13T13:34:16","date_gmt":"2025-10-13T17:34:16","guid":{"rendered":"https:\/\/stoic-curie.212-227-153-4.plesk.page\/product\/crni-plasticni-podlosci-za-vijak-55-mm-100pcs\/"},"modified":"2026-02-25T00:00:48","modified_gmt":"2026-02-25T00:00:48","slug":"crni-plasticni-podlosci-za-vijak-55-mm-100pcs","status":"publish","type":"product","link":"https:\/\/stoic-curie.212-227-153-4.plesk.page\/hr\/product\/crni-plasticni-podlosci-za-vijak-55-mm-100pcs\/","title":{"rendered":"Crni plasticni podlo\u0161ci za vijak 5,5 mm 100pcs"},"content":{"rendered":"<p>Crni plasticni podlo\u0161ci za vijak 5,5 mm 100pcs &#8211; <\/p>\n<p>Plasti\u010dni zavr\u0161ni podlo\u0161ci. Pakiranje od 100 komada.<\/p>\n","protected":false},"excerpt":{"rendered":"<p>Crni plasticni podlo\u0161ci za vijak 5,5 mm 100pcs &#8211; Plasti\u010dni zavr\u0161ni podlo\u0161ci. Pakiranje od 100 komada.<\/p>\n","protected":false},"featured_media":5939706,"comment_status":"closed","ping_status":"closed","template":"","meta":[],"product_brand":[3121],"product_cat":[1717],"product_tag":[],"class_list":{"0":"post-3688444","1":"product","2":"type-product","3":"status-publish","4":"has-post-thumbnail","6":"product_brand-marinetech-hr","7":"product_cat-podlosci-od-nehrdajuceg-celika","9":"first","10":"instock","11":"shipping-taxable","12":"purchasable","13":"product-type-simple"},"_links":{"self":[{"href":"https:\/\/stoic-curie.212-227-153-4.plesk.page\/hr\/wp-json\/wp\/v2\/product\/3688444","targetHints":{"allow":["GET"]}}],"collection":[{"href":"https:\/\/stoic-curie.212-227-153-4.plesk.page\/hr\/wp-json\/wp\/v2\/product"}],"about":[{"href":"https:\/\/stoic-curie.212-227-153-4.plesk.page\/hr\/wp-json\/wp\/v2\/types\/product"}],"replies":[{"embeddable":true,"href":"https:\/\/stoic-curie.212-227-153-4.plesk.page\/hr\/wp-json\/wp\/v2\/comments?post=3688444"}],"version-history":[{"count":0,"href":"https:\/\/stoic-curie.212-227-153-4.plesk.page\/hr\/wp-json\/wp\/v2\/product\/3688444\/revisions"}],"wp:featuredmedia":[{"embeddable":true,"href":"https:\/\/stoic-curie.212-227-153-4.plesk.page\/hr\/wp-json\/wp\/v2\/media\/5939706"}],"wp:attachment":[{"href":"https:\/\/stoic-curie.212-227-153-4.plesk.page\/hr\/wp-json\/wp\/v2\/media?parent=3688444"}],"wp:term":[{"taxonomy":"product_brand","embeddable":true,"href":"https:\/\/stoic-curie.212-227-153-4.plesk.page\/hr\/wp-json\/wp\/v2\/product_brand?post=3688444"},{"taxonomy":"product_cat","embeddable":true,"href":"https:\/\/stoic-curie.212-227-153-4.plesk.page\/hr\/wp-json\/wp\/v2\/product_cat?post=3688444"},{"taxonomy":"product_tag","embeddable":true,"href":"https:\/\/stoic-curie.212-227-153-4.plesk.page\/hr\/wp-json\/wp\/v2\/product_tag?post=3688444"}],"curies":[{"name":"wp","href":"https:\/\/api.w.org\/{rel}","templated":true}]}}