{"id":3688451,"date":"2025-10-13T13:34:18","date_gmt":"2025-10-13T17:34:18","guid":{"rendered":"https:\/\/stoic-curie.212-227-153-4.plesk.page\/product\/vijak-za-minax\/"},"modified":"2026-02-25T00:00:48","modified_gmt":"2026-02-25T00:00:48","slug":"vijak-za-minax","status":"publish","type":"product","link":"https:\/\/stoic-curie.212-227-153-4.plesk.page\/hr\/product\/vijak-za-minax\/","title":{"rendered":"Vijak za Minax"},"content":{"rendered":"<p>Vijak za Minax &#8211; <\/p>\n<p>Minax automatski sustav za pri\u010dvr\u0161\u0107ivanje pokriva\u010da sastoji se od plasti\u010dne glave otporne na udarce i vijka od nehr\u0111aju\u0107eg \u010delika. Glava je fiksirana na pokriva\u010du i zaklju\u010dava se na vijku jednostavnim sustavom klika. Vijek je fiksiran na strukturi i djeluje kao to\u010dka pri\u010dvr\u0161\u0107enja.<\/p>\n","protected":false},"excerpt":{"rendered":"<p>Vijak za Minax &#8211; Minax automatski sustav za pri\u010dvr\u0161\u0107ivanje pokriva\u010da sastoji se od plasti\u010dne glave otporne na udarce i vijka<\/p>\n","protected":false},"featured_media":5939713,"comment_status":"closed","ping_status":"closed","template":"","meta":[],"product_brand":[3076],"product_cat":[1689,1703],"product_tag":[],"class_list":{"0":"post-3688451","1":"product","2":"type-product","3":"status-publish","4":"has-post-thumbnail","6":"product_brand-loxx-hr","7":"product_cat-bimini-tende","8":"product_cat-hardver-za-navlake-i-bimini","10":"first","11":"instock","12":"shipping-taxable","13":"purchasable","14":"product-type-simple"},"_links":{"self":[{"href":"https:\/\/stoic-curie.212-227-153-4.plesk.page\/hr\/wp-json\/wp\/v2\/product\/3688451","targetHints":{"allow":["GET"]}}],"collection":[{"href":"https:\/\/stoic-curie.212-227-153-4.plesk.page\/hr\/wp-json\/wp\/v2\/product"}],"about":[{"href":"https:\/\/stoic-curie.212-227-153-4.plesk.page\/hr\/wp-json\/wp\/v2\/types\/product"}],"replies":[{"embeddable":true,"href":"https:\/\/stoic-curie.212-227-153-4.plesk.page\/hr\/wp-json\/wp\/v2\/comments?post=3688451"}],"version-history":[{"count":0,"href":"https:\/\/stoic-curie.212-227-153-4.plesk.page\/hr\/wp-json\/wp\/v2\/product\/3688451\/revisions"}],"wp:featuredmedia":[{"embeddable":true,"href":"https:\/\/stoic-curie.212-227-153-4.plesk.page\/hr\/wp-json\/wp\/v2\/media\/5939713"}],"wp:attachment":[{"href":"https:\/\/stoic-curie.212-227-153-4.plesk.page\/hr\/wp-json\/wp\/v2\/media?parent=3688451"}],"wp:term":[{"taxonomy":"product_brand","embeddable":true,"href":"https:\/\/stoic-curie.212-227-153-4.plesk.page\/hr\/wp-json\/wp\/v2\/product_brand?post=3688451"},{"taxonomy":"product_cat","embeddable":true,"href":"https:\/\/stoic-curie.212-227-153-4.plesk.page\/hr\/wp-json\/wp\/v2\/product_cat?post=3688451"},{"taxonomy":"product_tag","embeddable":true,"href":"https:\/\/stoic-curie.212-227-153-4.plesk.page\/hr\/wp-json\/wp\/v2\/product_tag?post=3688451"}],"curies":[{"name":"wp","href":"https:\/\/api.w.org\/{rel}","templated":true}]}}