{"id":3688453,"date":"2025-10-13T13:34:18","date_gmt":"2025-10-13T17:34:18","guid":{"rendered":"https:\/\/stoic-curie.212-227-153-4.plesk.page\/product\/vakumski-zatezaci-cerade-sa-elasticnim-konopom-6-pz\/"},"modified":"2026-02-25T00:00:48","modified_gmt":"2026-02-25T00:00:48","slug":"vakumski-zatezaci-cerade-sa-elasticnim-konopom-6-pz","status":"publish","type":"product","link":"https:\/\/stoic-curie.212-227-153-4.plesk.page\/hr\/product\/vakumski-zatezaci-cerade-sa-elasticnim-konopom-6-pz\/","title":{"rendered":"Vakumski zateza\u010di cerade sa elasti\u010dnim konopom 6 pz"},"content":{"rendered":"<p>Vakumski zateza\u010di cerade sa elasti\u010dnim konopom 6 pz &#8211; <\/p>\n<p>Trostruki sustav pokriva\u010da na usisavanje Kraken Grip s elasti\u010dnim dijelom blokira prodor vode. Nema potrebe za bu\u0161enjem rupe u \u010damcu. Pakiranje sadr\u017ei 6 komada.<\/p>\n","protected":false},"excerpt":{"rendered":"<p>Vakumski zateza\u010di cerade sa elasti\u010dnim konopom 6 pz &#8211; Trostruki sustav pokriva\u010da na usisavanje Kraken Grip s elasti\u010dnim dijelom blokira<\/p>\n","protected":false},"featured_media":5939718,"comment_status":"closed","ping_status":"closed","template":"","meta":[],"product_brand":[3186],"product_cat":[1689,1703],"product_tag":[],"class_list":{"0":"post-3688453","1":"product","2":"type-product","3":"status-publish","4":"has-post-thumbnail","6":"product_brand-nettuno-hr","7":"product_cat-bimini-tende","8":"product_cat-hardver-za-navlake-i-bimini","10":"first","11":"instock","12":"shipping-taxable","13":"purchasable","14":"product-type-simple"},"_links":{"self":[{"href":"https:\/\/stoic-curie.212-227-153-4.plesk.page\/hr\/wp-json\/wp\/v2\/product\/3688453","targetHints":{"allow":["GET"]}}],"collection":[{"href":"https:\/\/stoic-curie.212-227-153-4.plesk.page\/hr\/wp-json\/wp\/v2\/product"}],"about":[{"href":"https:\/\/stoic-curie.212-227-153-4.plesk.page\/hr\/wp-json\/wp\/v2\/types\/product"}],"replies":[{"embeddable":true,"href":"https:\/\/stoic-curie.212-227-153-4.plesk.page\/hr\/wp-json\/wp\/v2\/comments?post=3688453"}],"version-history":[{"count":0,"href":"https:\/\/stoic-curie.212-227-153-4.plesk.page\/hr\/wp-json\/wp\/v2\/product\/3688453\/revisions"}],"wp:featuredmedia":[{"embeddable":true,"href":"https:\/\/stoic-curie.212-227-153-4.plesk.page\/hr\/wp-json\/wp\/v2\/media\/5939718"}],"wp:attachment":[{"href":"https:\/\/stoic-curie.212-227-153-4.plesk.page\/hr\/wp-json\/wp\/v2\/media?parent=3688453"}],"wp:term":[{"taxonomy":"product_brand","embeddable":true,"href":"https:\/\/stoic-curie.212-227-153-4.plesk.page\/hr\/wp-json\/wp\/v2\/product_brand?post=3688453"},{"taxonomy":"product_cat","embeddable":true,"href":"https:\/\/stoic-curie.212-227-153-4.plesk.page\/hr\/wp-json\/wp\/v2\/product_cat?post=3688453"},{"taxonomy":"product_tag","embeddable":true,"href":"https:\/\/stoic-curie.212-227-153-4.plesk.page\/hr\/wp-json\/wp\/v2\/product_tag?post=3688453"}],"curies":[{"name":"wp","href":"https:\/\/api.w.org\/{rel}","templated":true}]}}