{"id":3688472,"date":"2025-10-13T13:34:24","date_gmt":"2025-10-13T17:34:24","guid":{"rendered":"https:\/\/stoic-curie.212-227-153-4.plesk.page\/product\/aluminijska-samoljepljiva-traka-za-visoke-temperature-50-mm-x-45-mt\/"},"modified":"2026-02-25T00:00:48","modified_gmt":"2026-02-25T00:00:48","slug":"aluminijska-samoljepljiva-traka-za-visoke-temperature-50-mm-x-45-mt","status":"publish","type":"product","link":"https:\/\/stoic-curie.212-227-153-4.plesk.page\/hr\/product\/aluminijska-samoljepljiva-traka-za-visoke-temperature-50-mm-x-45-mt\/","title":{"rendered":"Aluminijska samoljepljiva traka za visoke temperature 50 mm x 45 mt"},"content":{"rendered":"<p>Aluminijska samoljepljiva traka za visoke temperature 50 mm x 45 mt &#8211; <\/p>\n<p>Samonosivi aluminijski trak visoke temperature. Za pri\u010dvr\u0161\u0107ivanje, zavr\u0161avanje i sadr\u017eavanje izolacijskih premaza na ispu\u0161nim cijevima i strojarnicama. Temperaturni raspon: -40\u00b0C \/ +150\u00b0C<\/p>\n","protected":false},"excerpt":{"rendered":"<p>Aluminijska samoljepljiva traka za visoke temperature 50 mm x 45 mt &#8211; Samonosivi aluminijski trak visoke temperature. Za pri\u010dvr\u0161\u0107ivanje, zavr\u0161avanje<\/p>\n","protected":false},"featured_media":5939779,"comment_status":"closed","ping_status":"closed","template":"","meta":[],"product_brand":[3291],"product_cat":[1810,1627],"product_tag":[],"class_list":{"0":"post-3688472","1":"product","2":"type-product","3":"status-publish","4":"has-post-thumbnail","6":"product_brand-quietlife-hr","7":"product_cat-izolacija-i-zvucna-izolacija","8":"product_cat-vrpce-za-popravak","10":"first","11":"instock","12":"shipping-taxable","13":"purchasable","14":"product-type-simple"},"_links":{"self":[{"href":"https:\/\/stoic-curie.212-227-153-4.plesk.page\/hr\/wp-json\/wp\/v2\/product\/3688472","targetHints":{"allow":["GET"]}}],"collection":[{"href":"https:\/\/stoic-curie.212-227-153-4.plesk.page\/hr\/wp-json\/wp\/v2\/product"}],"about":[{"href":"https:\/\/stoic-curie.212-227-153-4.plesk.page\/hr\/wp-json\/wp\/v2\/types\/product"}],"replies":[{"embeddable":true,"href":"https:\/\/stoic-curie.212-227-153-4.plesk.page\/hr\/wp-json\/wp\/v2\/comments?post=3688472"}],"version-history":[{"count":0,"href":"https:\/\/stoic-curie.212-227-153-4.plesk.page\/hr\/wp-json\/wp\/v2\/product\/3688472\/revisions"}],"wp:featuredmedia":[{"embeddable":true,"href":"https:\/\/stoic-curie.212-227-153-4.plesk.page\/hr\/wp-json\/wp\/v2\/media\/5939779"}],"wp:attachment":[{"href":"https:\/\/stoic-curie.212-227-153-4.plesk.page\/hr\/wp-json\/wp\/v2\/media?parent=3688472"}],"wp:term":[{"taxonomy":"product_brand","embeddable":true,"href":"https:\/\/stoic-curie.212-227-153-4.plesk.page\/hr\/wp-json\/wp\/v2\/product_brand?post=3688472"},{"taxonomy":"product_cat","embeddable":true,"href":"https:\/\/stoic-curie.212-227-153-4.plesk.page\/hr\/wp-json\/wp\/v2\/product_cat?post=3688472"},{"taxonomy":"product_tag","embeddable":true,"href":"https:\/\/stoic-curie.212-227-153-4.plesk.page\/hr\/wp-json\/wp\/v2\/product_tag?post=3688472"}],"curies":[{"name":"wp","href":"https:\/\/api.w.org\/{rel}","templated":true}]}}