{"id":3688542,"date":"2025-10-13T13:34:41","date_gmt":"2025-10-13T17:34:41","guid":{"rendered":"https:\/\/stoic-curie.212-227-153-4.plesk.page\/product\/zatezac-za-cel-uze-od-nehrdajuceg-celika-m4\/"},"modified":"2026-02-25T00:00:48","modified_gmt":"2026-02-25T00:00:48","slug":"zatezac-za-cel-uze-od-nehrdajuceg-celika-m4","status":"publish","type":"product","link":"https:\/\/stoic-curie.212-227-153-4.plesk.page\/hr\/product\/zatezac-za-cel-uze-od-nehrdajuceg-celika-m4\/","title":{"rendered":"Zateza\u010d za \u010del. u\u017ee od nehr\u0111aju\u0107eg \u010delika M4"},"content":{"rendered":"<p>Zateza\u010d za \u010del. u\u017ee od nehr\u0111aju\u0107eg \u010delika M4 &#8211; <\/p>\n<p>Polirane klasi\u010dne \u0161arafe od nehr\u0111aju\u0107eg \u010delika 316.<\/p>\n","protected":false},"excerpt":{"rendered":"<p>Zateza\u010d za \u010del. u\u017ee od nehr\u0111aju\u0107eg \u010delika M4 &#8211; Polirane klasi\u010dne \u0161arafe od nehr\u0111aju\u0107eg \u010delika 316.<\/p>\n","protected":false},"featured_media":5939820,"comment_status":"closed","ping_status":"closed","template":"","meta":[],"product_brand":[3121],"product_cat":[1757,1701],"product_tag":[],"class_list":{"0":"post-3688542","1":"product","2":"type-product","3":"status-publish","4":"has-post-thumbnail","6":"product_brand-marinetech-hr","7":"product_cat-rucice-za-zatezanje-pripona","8":"product_cat-zatezaci-celicnog-uzeta","10":"first","11":"instock","12":"shipping-taxable","13":"purchasable","14":"product-type-simple"},"_links":{"self":[{"href":"https:\/\/stoic-curie.212-227-153-4.plesk.page\/hr\/wp-json\/wp\/v2\/product\/3688542","targetHints":{"allow":["GET"]}}],"collection":[{"href":"https:\/\/stoic-curie.212-227-153-4.plesk.page\/hr\/wp-json\/wp\/v2\/product"}],"about":[{"href":"https:\/\/stoic-curie.212-227-153-4.plesk.page\/hr\/wp-json\/wp\/v2\/types\/product"}],"replies":[{"embeddable":true,"href":"https:\/\/stoic-curie.212-227-153-4.plesk.page\/hr\/wp-json\/wp\/v2\/comments?post=3688542"}],"version-history":[{"count":0,"href":"https:\/\/stoic-curie.212-227-153-4.plesk.page\/hr\/wp-json\/wp\/v2\/product\/3688542\/revisions"}],"wp:featuredmedia":[{"embeddable":true,"href":"https:\/\/stoic-curie.212-227-153-4.plesk.page\/hr\/wp-json\/wp\/v2\/media\/5939820"}],"wp:attachment":[{"href":"https:\/\/stoic-curie.212-227-153-4.plesk.page\/hr\/wp-json\/wp\/v2\/media?parent=3688542"}],"wp:term":[{"taxonomy":"product_brand","embeddable":true,"href":"https:\/\/stoic-curie.212-227-153-4.plesk.page\/hr\/wp-json\/wp\/v2\/product_brand?post=3688542"},{"taxonomy":"product_cat","embeddable":true,"href":"https:\/\/stoic-curie.212-227-153-4.plesk.page\/hr\/wp-json\/wp\/v2\/product_cat?post=3688542"},{"taxonomy":"product_tag","embeddable":true,"href":"https:\/\/stoic-curie.212-227-153-4.plesk.page\/hr\/wp-json\/wp\/v2\/product_tag?post=3688542"}],"curies":[{"name":"wp","href":"https:\/\/api.w.org\/{rel}","templated":true}]}}