{"id":3688554,"date":"2025-10-13T13:34:44","date_gmt":"2025-10-13T17:34:44","guid":{"rendered":"https:\/\/stoic-curie.212-227-153-4.plesk.page\/product\/terminal-od-nehrdajuceg-celika-za-kabel-od-5-mm\/"},"modified":"2026-02-25T00:00:48","modified_gmt":"2026-02-25T00:00:48","slug":"terminal-od-nehrdajuceg-celika-za-kabel-od-5-mm","status":"publish","type":"product","link":"https:\/\/stoic-curie.212-227-153-4.plesk.page\/hr\/product\/terminal-od-nehrdajuceg-celika-za-kabel-od-5-mm\/","title":{"rendered":"Terminal od nehr\u0111aju\u0107eg \u010delika za kabel od 5 mm"},"content":{"rendered":"<p>Terminal od nehr\u0111aju\u0107eg \u010delika za kabel od 5 mm &#8211; <\/p>\n<p>Sveze o\u010di s 316 nehr\u0111aju\u0107eg \u010delika. Izvanredna zadr\u017eavna mo\u0107 jednaka je optere\u0107enju loma \u017eice. Lako se montira, samo umetnite \u010deli\u010dnu \u017eicu u terminal, a vreteno ga automatski hvata. Pogodno za sve vrste \u010deli\u010dnih \u017eica (19\/49\/133 \u017eice).<\/p>\n","protected":false},"excerpt":{"rendered":"<p>Terminal od nehr\u0111aju\u0107eg \u010delika za kabel od 5 mm &#8211; Sveze o\u010di s 316 nehr\u0111aju\u0107eg \u010delika. Izvanredna zadr\u017eavna mo\u0107 jednaka<\/p>\n","protected":false},"featured_media":5939822,"comment_status":"closed","ping_status":"closed","template":"","meta":[],"product_brand":[3121],"product_cat":[1696,1765],"product_tag":[],"class_list":{"0":"post-3688554","1":"product","2":"type-product","3":"status-publish","4":"has-post-thumbnail","6":"product_brand-marinetech-hr","7":"product_cat-nehrdajuci-kabelski-terminali","8":"product_cat-pribor-i-oprema-za-brodice-i-jedrilice","10":"first","11":"instock","12":"shipping-taxable","13":"purchasable","14":"product-type-simple"},"_links":{"self":[{"href":"https:\/\/stoic-curie.212-227-153-4.plesk.page\/hr\/wp-json\/wp\/v2\/product\/3688554","targetHints":{"allow":["GET"]}}],"collection":[{"href":"https:\/\/stoic-curie.212-227-153-4.plesk.page\/hr\/wp-json\/wp\/v2\/product"}],"about":[{"href":"https:\/\/stoic-curie.212-227-153-4.plesk.page\/hr\/wp-json\/wp\/v2\/types\/product"}],"replies":[{"embeddable":true,"href":"https:\/\/stoic-curie.212-227-153-4.plesk.page\/hr\/wp-json\/wp\/v2\/comments?post=3688554"}],"version-history":[{"count":0,"href":"https:\/\/stoic-curie.212-227-153-4.plesk.page\/hr\/wp-json\/wp\/v2\/product\/3688554\/revisions"}],"wp:featuredmedia":[{"embeddable":true,"href":"https:\/\/stoic-curie.212-227-153-4.plesk.page\/hr\/wp-json\/wp\/v2\/media\/5939822"}],"wp:attachment":[{"href":"https:\/\/stoic-curie.212-227-153-4.plesk.page\/hr\/wp-json\/wp\/v2\/media?parent=3688554"}],"wp:term":[{"taxonomy":"product_brand","embeddable":true,"href":"https:\/\/stoic-curie.212-227-153-4.plesk.page\/hr\/wp-json\/wp\/v2\/product_brand?post=3688554"},{"taxonomy":"product_cat","embeddable":true,"href":"https:\/\/stoic-curie.212-227-153-4.plesk.page\/hr\/wp-json\/wp\/v2\/product_cat?post=3688554"},{"taxonomy":"product_tag","embeddable":true,"href":"https:\/\/stoic-curie.212-227-153-4.plesk.page\/hr\/wp-json\/wp\/v2\/product_tag?post=3688554"}],"curies":[{"name":"wp","href":"https:\/\/api.w.org\/{rel}","templated":true}]}}