{"id":3688562,"date":"2025-10-13T13:34:45","date_gmt":"2025-10-13T17:34:45","guid":{"rendered":"https:\/\/stoic-curie.212-227-153-4.plesk.page\/product\/automatski-skopac-od-nehrdajuceg-celika-wichard-5mm\/"},"modified":"2026-02-25T00:00:48","modified_gmt":"2026-02-25T00:00:48","slug":"automatski-skopac-od-nehrdajuceg-celika-wichard-5mm","status":"publish","type":"product","link":"https:\/\/stoic-curie.212-227-153-4.plesk.page\/hr\/product\/automatski-skopac-od-nehrdajuceg-celika-wichard-5mm\/","title":{"rendered":"Automatski \u0161kopac od nehr\u0111aju\u0107eg \u010delika Wichard 5mm"},"content":{"rendered":"<p>Automatski \u0161kopac od nehr\u0111aju\u0107eg \u010delika Wichard 5mm &#8211; <\/p>\n<p>Wichard 316 inox konec za klju\u010deve s dugim Dee okomitim spojem. Optere\u0107enje prekida (BL) testirano i jam\u010deno.<\/p>\n","protected":false},"excerpt":{"rendered":"<p>Automatski \u0161kopac od nehr\u0111aju\u0107eg \u010delika Wichard 5mm &#8211; Wichard 316 inox konec za klju\u010deve s dugim Dee okomitim spojem. Optere\u0107enje<\/p>\n","protected":false},"featured_media":5939827,"comment_status":"closed","ping_status":"closed","template":"","meta":[],"product_brand":[3536],"product_cat":[1693,1764],"product_tag":[],"class_list":{"0":"post-3688562","1":"product","2":"type-product","3":"status-publish","4":"has-post-thumbnail","6":"product_brand-wichard-hr","7":"product_cat-okovi-od-nehrdajuceg-celika","8":"product_cat-snap-skopci-za-jedrilice","10":"first","11":"outofstock","12":"shipping-taxable","13":"purchasable","14":"product-type-simple"},"_links":{"self":[{"href":"https:\/\/stoic-curie.212-227-153-4.plesk.page\/hr\/wp-json\/wp\/v2\/product\/3688562","targetHints":{"allow":["GET"]}}],"collection":[{"href":"https:\/\/stoic-curie.212-227-153-4.plesk.page\/hr\/wp-json\/wp\/v2\/product"}],"about":[{"href":"https:\/\/stoic-curie.212-227-153-4.plesk.page\/hr\/wp-json\/wp\/v2\/types\/product"}],"replies":[{"embeddable":true,"href":"https:\/\/stoic-curie.212-227-153-4.plesk.page\/hr\/wp-json\/wp\/v2\/comments?post=3688562"}],"version-history":[{"count":0,"href":"https:\/\/stoic-curie.212-227-153-4.plesk.page\/hr\/wp-json\/wp\/v2\/product\/3688562\/revisions"}],"wp:featuredmedia":[{"embeddable":true,"href":"https:\/\/stoic-curie.212-227-153-4.plesk.page\/hr\/wp-json\/wp\/v2\/media\/5939827"}],"wp:attachment":[{"href":"https:\/\/stoic-curie.212-227-153-4.plesk.page\/hr\/wp-json\/wp\/v2\/media?parent=3688562"}],"wp:term":[{"taxonomy":"product_brand","embeddable":true,"href":"https:\/\/stoic-curie.212-227-153-4.plesk.page\/hr\/wp-json\/wp\/v2\/product_brand?post=3688562"},{"taxonomy":"product_cat","embeddable":true,"href":"https:\/\/stoic-curie.212-227-153-4.plesk.page\/hr\/wp-json\/wp\/v2\/product_cat?post=3688562"},{"taxonomy":"product_tag","embeddable":true,"href":"https:\/\/stoic-curie.212-227-153-4.plesk.page\/hr\/wp-json\/wp\/v2\/product_tag?post=3688562"}],"curies":[{"name":"wp","href":"https:\/\/api.w.org\/{rel}","templated":true}]}}