{"id":3688590,"date":"2025-10-13T13:34:52","date_gmt":"2025-10-13T17:34:52","guid":{"rendered":"https:\/\/stoic-curie.212-227-153-4.plesk.page\/product\/sprenger-micro-jednostruka-kolotura-sa-zglobom\/"},"modified":"2026-02-25T00:00:48","modified_gmt":"2026-02-25T00:00:48","slug":"sprenger-micro-jednostruka-kolotura-sa-zglobom","status":"publish","type":"product","link":"https:\/\/stoic-curie.212-227-153-4.plesk.page\/hr\/product\/sprenger-micro-jednostruka-kolotura-sa-zglobom\/","title":{"rendered":"Sprenger Micro jednostruka kolotura sa zglobom"},"content":{"rendered":"<p>Sprenger Micro jednostruka kolotura sa zglobom &#8211; <\/p>\n<p>HS blokovi s kugli\u010dnim le\u017eajevima za \u010deli\u010dne u\u017eadi i Dyneema plo\u010de do 4 mm. <br \/>Kugli\u010dni le\u017eajevi: Nehr\u0111aju\u0107i \u010delik <br \/>Promjer kolotura 19 mm: Nehr\u0111aju\u0107i \u010delik <br \/>Obujmice: Nehr\u0111aju\u0107i \u010delik <br \/>Nosivost: 450 Kg.<\/p>\n","protected":false},"excerpt":{"rendered":"<p>Sprenger Micro jednostruka kolotura sa zglobom &#8211; HS blokovi s kugli\u010dnim le\u017eajevima za \u010deli\u010dne u\u017eadi i Dyneema plo\u010de do 4<\/p>\n","protected":false},"featured_media":5939913,"comment_status":"closed","ping_status":"closed","template":"","meta":[],"product_brand":[3431],"product_cat":[1769],"product_tag":[],"class_list":{"0":"post-3688590","1":"product","2":"type-product","3":"status-publish","4":"has-post-thumbnail","6":"product_brand-sprenger-hs-hr","7":"product_cat-koloture-za-jedrilice-sprenger","9":"first","10":"instock","11":"shipping-taxable","12":"purchasable","13":"product-type-simple"},"_links":{"self":[{"href":"https:\/\/stoic-curie.212-227-153-4.plesk.page\/hr\/wp-json\/wp\/v2\/product\/3688590","targetHints":{"allow":["GET"]}}],"collection":[{"href":"https:\/\/stoic-curie.212-227-153-4.plesk.page\/hr\/wp-json\/wp\/v2\/product"}],"about":[{"href":"https:\/\/stoic-curie.212-227-153-4.plesk.page\/hr\/wp-json\/wp\/v2\/types\/product"}],"replies":[{"embeddable":true,"href":"https:\/\/stoic-curie.212-227-153-4.plesk.page\/hr\/wp-json\/wp\/v2\/comments?post=3688590"}],"version-history":[{"count":0,"href":"https:\/\/stoic-curie.212-227-153-4.plesk.page\/hr\/wp-json\/wp\/v2\/product\/3688590\/revisions"}],"wp:featuredmedia":[{"embeddable":true,"href":"https:\/\/stoic-curie.212-227-153-4.plesk.page\/hr\/wp-json\/wp\/v2\/media\/5939913"}],"wp:attachment":[{"href":"https:\/\/stoic-curie.212-227-153-4.plesk.page\/hr\/wp-json\/wp\/v2\/media?parent=3688590"}],"wp:term":[{"taxonomy":"product_brand","embeddable":true,"href":"https:\/\/stoic-curie.212-227-153-4.plesk.page\/hr\/wp-json\/wp\/v2\/product_brand?post=3688590"},{"taxonomy":"product_cat","embeddable":true,"href":"https:\/\/stoic-curie.212-227-153-4.plesk.page\/hr\/wp-json\/wp\/v2\/product_cat?post=3688590"},{"taxonomy":"product_tag","embeddable":true,"href":"https:\/\/stoic-curie.212-227-153-4.plesk.page\/hr\/wp-json\/wp\/v2\/product_tag?post=3688590"}],"curies":[{"name":"wp","href":"https:\/\/api.w.org\/{rel}","templated":true}]}}