{"id":3688598,"date":"2025-10-13T13:34:54","date_gmt":"2025-10-13T17:34:54","guid":{"rendered":"https:\/\/stoic-curie.212-227-153-4.plesk.page\/product\/koloturnik-jednostruki-sa-zglobom-o-nosacem-28-mm-za-konope-do-8-mm\/"},"modified":"2026-02-25T00:00:49","modified_gmt":"2026-02-25T00:00:49","slug":"koloturnik-jednostruki-sa-zglobom-o-nosacem-28-mm-za-konope-do-8-mm","status":"publish","type":"product","link":"https:\/\/stoic-curie.212-227-153-4.plesk.page\/hr\/product\/koloturnik-jednostruki-sa-zglobom-o-nosacem-28-mm-za-konope-do-8-mm\/","title":{"rendered":"Koloturnik jednostruki sa zglobom o nosa\u010dem, 28 mm za konope do 8 mm"},"content":{"rendered":"<p>Koloturnik jednostruki sa zglobom o nosa\u010dem, 28 mm za konope do 8 mm &#8211; <\/p>\n<p>HS blokovi s kugli\u010dnim le\u017eajevima za u\u017ead do 8 mm. <br \/>Kugli\u010dni le\u017eajevi: Nehr\u0111aju\u0107i \u010delik <br \/>Promjer kolotura 28 mm: UV-otporna Hi-Q plastika <br \/>Bo\u010dne dijelove: UV-otporna Hi-Q plastika i trakice od nehr\u0111aju\u0107eg \u010delika <br \/>Optere\u0107enje prijeloma: 600 kg.<\/p>\n","protected":false},"excerpt":{"rendered":"<p>Koloturnik jednostruki sa zglobom o nosa\u010dem, 28 mm za konope do 8 mm &#8211; HS blokovi s kugli\u010dnim le\u017eajevima za<\/p>\n","protected":false},"featured_media":5939947,"comment_status":"closed","ping_status":"closed","template":"","meta":[],"product_brand":[3431],"product_cat":[1769],"product_tag":[],"class_list":{"0":"post-3688598","1":"product","2":"type-product","3":"status-publish","4":"has-post-thumbnail","6":"product_brand-sprenger-hs-hr","7":"product_cat-koloture-za-jedrilice-sprenger","9":"first","10":"instock","11":"shipping-taxable","12":"purchasable","13":"product-type-simple"},"_links":{"self":[{"href":"https:\/\/stoic-curie.212-227-153-4.plesk.page\/hr\/wp-json\/wp\/v2\/product\/3688598","targetHints":{"allow":["GET"]}}],"collection":[{"href":"https:\/\/stoic-curie.212-227-153-4.plesk.page\/hr\/wp-json\/wp\/v2\/product"}],"about":[{"href":"https:\/\/stoic-curie.212-227-153-4.plesk.page\/hr\/wp-json\/wp\/v2\/types\/product"}],"replies":[{"embeddable":true,"href":"https:\/\/stoic-curie.212-227-153-4.plesk.page\/hr\/wp-json\/wp\/v2\/comments?post=3688598"}],"version-history":[{"count":0,"href":"https:\/\/stoic-curie.212-227-153-4.plesk.page\/hr\/wp-json\/wp\/v2\/product\/3688598\/revisions"}],"wp:featuredmedia":[{"embeddable":true,"href":"https:\/\/stoic-curie.212-227-153-4.plesk.page\/hr\/wp-json\/wp\/v2\/media\/5939947"}],"wp:attachment":[{"href":"https:\/\/stoic-curie.212-227-153-4.plesk.page\/hr\/wp-json\/wp\/v2\/media?parent=3688598"}],"wp:term":[{"taxonomy":"product_brand","embeddable":true,"href":"https:\/\/stoic-curie.212-227-153-4.plesk.page\/hr\/wp-json\/wp\/v2\/product_brand?post=3688598"},{"taxonomy":"product_cat","embeddable":true,"href":"https:\/\/stoic-curie.212-227-153-4.plesk.page\/hr\/wp-json\/wp\/v2\/product_cat?post=3688598"},{"taxonomy":"product_tag","embeddable":true,"href":"https:\/\/stoic-curie.212-227-153-4.plesk.page\/hr\/wp-json\/wp\/v2\/product_tag?post=3688598"}],"curies":[{"name":"wp","href":"https:\/\/api.w.org\/{rel}","templated":true}]}}