{"id":3688599,"date":"2025-10-13T13:34:54","date_gmt":"2025-10-13T17:34:54","guid":{"rendered":"https:\/\/stoic-curie.212-227-153-4.plesk.page\/product\/sprenger-kolotura-hs-28mm-dvostruki\/"},"modified":"2026-02-25T00:00:49","modified_gmt":"2026-02-25T00:00:49","slug":"sprenger-kolotura-hs-28mm-dvostruki","status":"publish","type":"product","link":"https:\/\/stoic-curie.212-227-153-4.plesk.page\/hr\/product\/sprenger-kolotura-hs-28mm-dvostruki\/","title":{"rendered":"Sprenger kolotura HS 28mm dvostruki"},"content":{"rendered":"<p>Sprenger kolotura HS 28mm dvostruki &#8211; <\/p>\n<p>HS blokovi s kugli\u010dnim le\u017eajevima za u\u017ead do 8 mm. <br \/>Kugli\u010dni le\u017eajevi: nehr\u0111aju\u0107i \u010delik <br \/>Promjer remenice 28 mm: UV otporna Hi-Q plastika <br \/>Bo\u010dne strane: UV otporna Hi-Q plastika i nehr\u0111aju\u0107i \u010deli\u010dni trakovi <br \/>Optere\u0107enje pri lomu: 600 kg.<\/p>\n","protected":false},"excerpt":{"rendered":"<p>Sprenger kolotura HS 28mm dvostruki &#8211; HS blokovi s kugli\u010dnim le\u017eajevima za u\u017ead do 8 mm. Kugli\u010dni le\u017eajevi: nehr\u0111aju\u0107i \u010delik<\/p>\n","protected":false},"featured_media":5939952,"comment_status":"closed","ping_status":"closed","template":"","meta":[],"product_brand":[3431],"product_cat":[1769],"product_tag":[],"class_list":{"0":"post-3688599","1":"product","2":"type-product","3":"status-publish","4":"has-post-thumbnail","6":"product_brand-sprenger-hs-hr","7":"product_cat-koloture-za-jedrilice-sprenger","9":"first","10":"instock","11":"shipping-taxable","12":"purchasable","13":"product-type-simple"},"_links":{"self":[{"href":"https:\/\/stoic-curie.212-227-153-4.plesk.page\/hr\/wp-json\/wp\/v2\/product\/3688599","targetHints":{"allow":["GET"]}}],"collection":[{"href":"https:\/\/stoic-curie.212-227-153-4.plesk.page\/hr\/wp-json\/wp\/v2\/product"}],"about":[{"href":"https:\/\/stoic-curie.212-227-153-4.plesk.page\/hr\/wp-json\/wp\/v2\/types\/product"}],"replies":[{"embeddable":true,"href":"https:\/\/stoic-curie.212-227-153-4.plesk.page\/hr\/wp-json\/wp\/v2\/comments?post=3688599"}],"version-history":[{"count":0,"href":"https:\/\/stoic-curie.212-227-153-4.plesk.page\/hr\/wp-json\/wp\/v2\/product\/3688599\/revisions"}],"wp:featuredmedia":[{"embeddable":true,"href":"https:\/\/stoic-curie.212-227-153-4.plesk.page\/hr\/wp-json\/wp\/v2\/media\/5939952"}],"wp:attachment":[{"href":"https:\/\/stoic-curie.212-227-153-4.plesk.page\/hr\/wp-json\/wp\/v2\/media?parent=3688599"}],"wp:term":[{"taxonomy":"product_brand","embeddable":true,"href":"https:\/\/stoic-curie.212-227-153-4.plesk.page\/hr\/wp-json\/wp\/v2\/product_brand?post=3688599"},{"taxonomy":"product_cat","embeddable":true,"href":"https:\/\/stoic-curie.212-227-153-4.plesk.page\/hr\/wp-json\/wp\/v2\/product_cat?post=3688599"},{"taxonomy":"product_tag","embeddable":true,"href":"https:\/\/stoic-curie.212-227-153-4.plesk.page\/hr\/wp-json\/wp\/v2\/product_tag?post=3688599"}],"curies":[{"name":"wp","href":"https:\/\/api.w.org\/{rel}","templated":true}]}}