{"id":3688602,"date":"2025-10-13T13:34:55","date_gmt":"2025-10-13T17:34:55","guid":{"rendered":"https:\/\/stoic-curie.212-227-153-4.plesk.page\/product\/violinska-kolotura-s-nosacem-sprenger-36-mm-za-konope-do-10-mm\/"},"modified":"2026-02-25T00:00:49","modified_gmt":"2026-02-25T00:00:49","slug":"violinska-kolotura-s-nosacem-sprenger-36-mm-za-konope-do-10-mm","status":"publish","type":"product","link":"https:\/\/stoic-curie.212-227-153-4.plesk.page\/hr\/product\/violinska-kolotura-s-nosacem-sprenger-36-mm-za-konope-do-10-mm\/","title":{"rendered":"Violinska kolotura s nosacem, Sprenger, 36 mm za konope do 10 mm"},"content":{"rendered":"<p>Violinska kolotura s nosacem, Sprenger, 36 mm za konope do 10 mm &#8211; <\/p>\n<p>HS blokovi kliznih le\u017eajeva za u\u017ee do 10 mm. <br \/>Klizni le\u017eaj: UV otporna Hi-Q plastika <br \/>Promjer kolotura 36 mm: UV otporna Hi-Q plastika <br \/>Bo\u010dne strane: UV otporna Hi-Q plastika i \u010deli\u010dne trake <br \/>Opru\u017ena sila: 850 Kg.<\/p>\n","protected":false},"excerpt":{"rendered":"<p>Violinska kolotura s nosacem, Sprenger, 36 mm za konope do 10 mm &#8211; HS blokovi kliznih le\u017eajeva za u\u017ee do<\/p>\n","protected":false},"featured_media":5939958,"comment_status":"closed","ping_status":"closed","template":"","meta":[],"product_brand":[3431],"product_cat":[1769],"product_tag":[],"class_list":{"0":"post-3688602","1":"product","2":"type-product","3":"status-publish","4":"has-post-thumbnail","6":"product_brand-sprenger-hs-hr","7":"product_cat-koloture-za-jedrilice-sprenger","9":"first","10":"instock","11":"shipping-taxable","12":"purchasable","13":"product-type-simple"},"_links":{"self":[{"href":"https:\/\/stoic-curie.212-227-153-4.plesk.page\/hr\/wp-json\/wp\/v2\/product\/3688602","targetHints":{"allow":["GET"]}}],"collection":[{"href":"https:\/\/stoic-curie.212-227-153-4.plesk.page\/hr\/wp-json\/wp\/v2\/product"}],"about":[{"href":"https:\/\/stoic-curie.212-227-153-4.plesk.page\/hr\/wp-json\/wp\/v2\/types\/product"}],"replies":[{"embeddable":true,"href":"https:\/\/stoic-curie.212-227-153-4.plesk.page\/hr\/wp-json\/wp\/v2\/comments?post=3688602"}],"version-history":[{"count":0,"href":"https:\/\/stoic-curie.212-227-153-4.plesk.page\/hr\/wp-json\/wp\/v2\/product\/3688602\/revisions"}],"wp:featuredmedia":[{"embeddable":true,"href":"https:\/\/stoic-curie.212-227-153-4.plesk.page\/hr\/wp-json\/wp\/v2\/media\/5939958"}],"wp:attachment":[{"href":"https:\/\/stoic-curie.212-227-153-4.plesk.page\/hr\/wp-json\/wp\/v2\/media?parent=3688602"}],"wp:term":[{"taxonomy":"product_brand","embeddable":true,"href":"https:\/\/stoic-curie.212-227-153-4.plesk.page\/hr\/wp-json\/wp\/v2\/product_brand?post=3688602"},{"taxonomy":"product_cat","embeddable":true,"href":"https:\/\/stoic-curie.212-227-153-4.plesk.page\/hr\/wp-json\/wp\/v2\/product_cat?post=3688602"},{"taxonomy":"product_tag","embeddable":true,"href":"https:\/\/stoic-curie.212-227-153-4.plesk.page\/hr\/wp-json\/wp\/v2\/product_tag?post=3688602"}],"curies":[{"name":"wp","href":"https:\/\/api.w.org\/{rel}","templated":true}]}}