{"id":3688603,"date":"2025-10-13T13:34:55","date_gmt":"2025-10-13T17:34:55","guid":{"rendered":"https:\/\/stoic-curie.212-227-153-4.plesk.page\/product\/kolotura-dvostruka-sprenger-36-mm-za-konop-do-10-mm\/"},"modified":"2026-02-25T00:00:49","modified_gmt":"2026-02-25T00:00:49","slug":"kolotura-dvostruka-sprenger-36-mm-za-konop-do-10-mm","status":"publish","type":"product","link":"https:\/\/stoic-curie.212-227-153-4.plesk.page\/hr\/product\/kolotura-dvostruka-sprenger-36-mm-za-konop-do-10-mm\/","title":{"rendered":"Kolotura dvostruka Sprenger 36 mm za konop do 10 mm"},"content":{"rendered":"<p>Kolotura dvostruka Sprenger 36 mm za konop do 10 mm &#8211; <\/p>\n<p>HS blokovi kliznih le\u017eajeva za u\u017ead do 10 mm. Klizni le\u017eaj: UV-otporna Hi-Q plastika. Promjer remenice 36 mm: UV-otporna Hi-Q plastika. Stranice: UV-otporna Hi-Q plastika i nehr\u0111aju\u0107i \u010deli\u010dni remeni. Nosivost: 850 kg.<\/p>\n","protected":false},"excerpt":{"rendered":"<p>Kolotura dvostruka Sprenger 36 mm za konop do 10 mm &#8211; HS blokovi kliznih le\u017eajeva za u\u017ead do 10 mm.<\/p>\n","protected":false},"featured_media":5939959,"comment_status":"closed","ping_status":"closed","template":"","meta":[],"product_brand":[3431],"product_cat":[1769],"product_tag":[],"class_list":{"0":"post-3688603","1":"product","2":"type-product","3":"status-publish","4":"has-post-thumbnail","6":"product_brand-sprenger-hs-hr","7":"product_cat-koloture-za-jedrilice-sprenger","9":"first","10":"instock","11":"shipping-taxable","12":"purchasable","13":"product-type-simple"},"_links":{"self":[{"href":"https:\/\/stoic-curie.212-227-153-4.plesk.page\/hr\/wp-json\/wp\/v2\/product\/3688603","targetHints":{"allow":["GET"]}}],"collection":[{"href":"https:\/\/stoic-curie.212-227-153-4.plesk.page\/hr\/wp-json\/wp\/v2\/product"}],"about":[{"href":"https:\/\/stoic-curie.212-227-153-4.plesk.page\/hr\/wp-json\/wp\/v2\/types\/product"}],"replies":[{"embeddable":true,"href":"https:\/\/stoic-curie.212-227-153-4.plesk.page\/hr\/wp-json\/wp\/v2\/comments?post=3688603"}],"version-history":[{"count":0,"href":"https:\/\/stoic-curie.212-227-153-4.plesk.page\/hr\/wp-json\/wp\/v2\/product\/3688603\/revisions"}],"wp:featuredmedia":[{"embeddable":true,"href":"https:\/\/stoic-curie.212-227-153-4.plesk.page\/hr\/wp-json\/wp\/v2\/media\/5939959"}],"wp:attachment":[{"href":"https:\/\/stoic-curie.212-227-153-4.plesk.page\/hr\/wp-json\/wp\/v2\/media?parent=3688603"}],"wp:term":[{"taxonomy":"product_brand","embeddable":true,"href":"https:\/\/stoic-curie.212-227-153-4.plesk.page\/hr\/wp-json\/wp\/v2\/product_brand?post=3688603"},{"taxonomy":"product_cat","embeddable":true,"href":"https:\/\/stoic-curie.212-227-153-4.plesk.page\/hr\/wp-json\/wp\/v2\/product_cat?post=3688603"},{"taxonomy":"product_tag","embeddable":true,"href":"https:\/\/stoic-curie.212-227-153-4.plesk.page\/hr\/wp-json\/wp\/v2\/product_tag?post=3688603"}],"curies":[{"name":"wp","href":"https:\/\/api.w.org\/{rel}","templated":true}]}}