{"id":3688604,"date":"2025-10-13T13:34:55","date_gmt":"2025-10-13T17:34:55","guid":{"rendered":"https:\/\/stoic-curie.212-227-153-4.plesk.page\/product\/koloturnik-jednostruki-s-granicnikom-sprenger-36mm-za-konop-do-10mm-2\/"},"modified":"2026-02-25T00:00:49","modified_gmt":"2026-02-25T00:00:49","slug":"koloturnik-jednostruki-s-granicnikom-sprenger-36mm-za-konop-do-10mm-2","status":"publish","type":"product","link":"https:\/\/stoic-curie.212-227-153-4.plesk.page\/hr\/product\/koloturnik-jednostruki-s-granicnikom-sprenger-36mm-za-konop-do-10mm-2\/","title":{"rendered":"Koloturnik jednostruki s grani\u010dnikom Sprenger 36mm za konop do 10mm"},"content":{"rendered":"<p>Koloturnik jednostruki s grani\u010dnikom Sprenger 36mm za konop do 10mm &#8211; <\/p>\n<p>Kugli\u010dni HS blokovi za u\u017ead do 10 mm. Kugli\u010dni le\u017eajevi: nehr\u0111aju\u0107i \u010delik. Promjer remenice 36 mm: UV otporna Hi-Q plastika. \u010celjusti: UV otporna Hi-Q plastika i nehr\u0111aju\u0107i \u010deli\u010dni remeni. Prsna optere\u0107enja: 850 Kg.<\/p>\n","protected":false},"excerpt":{"rendered":"<p>Koloturnik jednostruki s grani\u010dnikom Sprenger 36mm za konop do 10mm &#8211; Kugli\u010dni HS blokovi za u\u017ead do 10 mm. Kugli\u010dni<\/p>\n","protected":false},"featured_media":5939960,"comment_status":"closed","ping_status":"closed","template":"","meta":[],"product_brand":[3431],"product_cat":[1769],"product_tag":[],"class_list":{"0":"post-3688604","1":"product","2":"type-product","3":"status-publish","4":"has-post-thumbnail","6":"product_brand-sprenger-hs-hr","7":"product_cat-koloture-za-jedrilice-sprenger","9":"first","10":"instock","11":"shipping-taxable","12":"purchasable","13":"product-type-simple"},"_links":{"self":[{"href":"https:\/\/stoic-curie.212-227-153-4.plesk.page\/hr\/wp-json\/wp\/v2\/product\/3688604","targetHints":{"allow":["GET"]}}],"collection":[{"href":"https:\/\/stoic-curie.212-227-153-4.plesk.page\/hr\/wp-json\/wp\/v2\/product"}],"about":[{"href":"https:\/\/stoic-curie.212-227-153-4.plesk.page\/hr\/wp-json\/wp\/v2\/types\/product"}],"replies":[{"embeddable":true,"href":"https:\/\/stoic-curie.212-227-153-4.plesk.page\/hr\/wp-json\/wp\/v2\/comments?post=3688604"}],"version-history":[{"count":0,"href":"https:\/\/stoic-curie.212-227-153-4.plesk.page\/hr\/wp-json\/wp\/v2\/product\/3688604\/revisions"}],"wp:featuredmedia":[{"embeddable":true,"href":"https:\/\/stoic-curie.212-227-153-4.plesk.page\/hr\/wp-json\/wp\/v2\/media\/5939960"}],"wp:attachment":[{"href":"https:\/\/stoic-curie.212-227-153-4.plesk.page\/hr\/wp-json\/wp\/v2\/media?parent=3688604"}],"wp:term":[{"taxonomy":"product_brand","embeddable":true,"href":"https:\/\/stoic-curie.212-227-153-4.plesk.page\/hr\/wp-json\/wp\/v2\/product_brand?post=3688604"},{"taxonomy":"product_cat","embeddable":true,"href":"https:\/\/stoic-curie.212-227-153-4.plesk.page\/hr\/wp-json\/wp\/v2\/product_cat?post=3688604"},{"taxonomy":"product_tag","embeddable":true,"href":"https:\/\/stoic-curie.212-227-153-4.plesk.page\/hr\/wp-json\/wp\/v2\/product_tag?post=3688604"}],"curies":[{"name":"wp","href":"https:\/\/api.w.org\/{rel}","templated":true}]}}