{"id":3688614,"date":"2025-10-13T13:34:59","date_gmt":"2025-10-13T17:34:59","guid":{"rendered":"https:\/\/stoic-curie.212-227-153-4.plesk.page\/product\/rezervna-rucica-za-easylock-i\/"},"modified":"2026-02-25T00:00:49","modified_gmt":"2026-02-25T00:00:49","slug":"rezervna-rucica-za-easylock-i","status":"publish","type":"product","link":"https:\/\/stoic-curie.212-227-153-4.plesk.page\/hr\/product\/rezervna-rucica-za-easylock-i\/","title":{"rendered":"Rezervna ru\u010dica za Easylock I"},"content":{"rendered":"<p>Rezervna ru\u010dica za Easylock I &#8211; <\/p>\n<p>Easylock I zaustavlja\u010d omogu\u0107uje hvatanje ili pu\u0161tanje listova pod napetostima. Obloge od anodiziranog aluminija. Radno optere\u0107enje 300 kg. Duljina 108 mm.<\/p>\n","protected":false},"excerpt":{"rendered":"<p>Rezervna ru\u010dica za Easylock I &#8211; Easylock I zaustavlja\u010d omogu\u0107uje hvatanje ili pu\u0161tanje listova pod napetostima. Obloge od anodiziranog aluminija.<\/p>\n","protected":false},"featured_media":5940002,"comment_status":"closed","ping_status":"closed","template":"","meta":[],"product_brand":[2906],"product_cat":[1772],"product_tag":[],"class_list":{"0":"post-3688614","1":"product","2":"type-product","3":"status-publish","4":"has-post-thumbnail","6":"product_brand-easylock-hr","7":"product_cat-stoperi-i-kljune-za-jedrilice","9":"first","10":"instock","11":"shipping-taxable","12":"purchasable","13":"product-type-simple"},"_links":{"self":[{"href":"https:\/\/stoic-curie.212-227-153-4.plesk.page\/hr\/wp-json\/wp\/v2\/product\/3688614","targetHints":{"allow":["GET"]}}],"collection":[{"href":"https:\/\/stoic-curie.212-227-153-4.plesk.page\/hr\/wp-json\/wp\/v2\/product"}],"about":[{"href":"https:\/\/stoic-curie.212-227-153-4.plesk.page\/hr\/wp-json\/wp\/v2\/types\/product"}],"replies":[{"embeddable":true,"href":"https:\/\/stoic-curie.212-227-153-4.plesk.page\/hr\/wp-json\/wp\/v2\/comments?post=3688614"}],"version-history":[{"count":0,"href":"https:\/\/stoic-curie.212-227-153-4.plesk.page\/hr\/wp-json\/wp\/v2\/product\/3688614\/revisions"}],"wp:featuredmedia":[{"embeddable":true,"href":"https:\/\/stoic-curie.212-227-153-4.plesk.page\/hr\/wp-json\/wp\/v2\/media\/5940002"}],"wp:attachment":[{"href":"https:\/\/stoic-curie.212-227-153-4.plesk.page\/hr\/wp-json\/wp\/v2\/media?parent=3688614"}],"wp:term":[{"taxonomy":"product_brand","embeddable":true,"href":"https:\/\/stoic-curie.212-227-153-4.plesk.page\/hr\/wp-json\/wp\/v2\/product_brand?post=3688614"},{"taxonomy":"product_cat","embeddable":true,"href":"https:\/\/stoic-curie.212-227-153-4.plesk.page\/hr\/wp-json\/wp\/v2\/product_cat?post=3688614"},{"taxonomy":"product_tag","embeddable":true,"href":"https:\/\/stoic-curie.212-227-153-4.plesk.page\/hr\/wp-json\/wp\/v2\/product_tag?post=3688614"}],"curies":[{"name":"wp","href":"https:\/\/api.w.org\/{rel}","templated":true}]}}