{"id":3688615,"date":"2025-10-13T13:34:59","date_gmt":"2025-10-13T17:34:59","guid":{"rendered":"https:\/\/stoic-curie.212-227-153-4.plesk.page\/product\/rezervna-rucica-za-easylock-mini\/"},"modified":"2026-02-25T00:00:49","modified_gmt":"2026-02-25T00:00:49","slug":"rezervna-rucica-za-easylock-mini","status":"publish","type":"product","link":"https:\/\/stoic-curie.212-227-153-4.plesk.page\/hr\/product\/rezervna-rucica-za-easylock-mini\/","title":{"rendered":"Rezervna ru\u0107ica za Easylock Mini"},"content":{"rendered":"<p>Rezervna ru\u0107ica za Easylock Mini &#8211; <\/p>\n<p>EasyLock Mini blokada pogodna je za u\u017ee s promjerom od 6 do 10 mm. Opremljen je &#8216;Powerlock&#8217; sustavom koji osigurava dobru snagu dr\u017eanja va\u0161e u\u017eadi. Omogu\u0107uje zatezanju ili otpu\u0161tanju konopa pod napetostima. Plasti\u010dno ku\u0107i\u0161te i ru\u010dka, mehanizam od nehr\u0111aju\u0107eg \u010delika. Radno optere\u0107enje 450 kg. Duljina 115 mm.<\/p>\n","protected":false},"excerpt":{"rendered":"<p>Rezervna ru\u0107ica za Easylock Mini &#8211; EasyLock Mini blokada pogodna je za u\u017ee s promjerom od 6 do 10 mm.<\/p>\n","protected":false},"featured_media":5940003,"comment_status":"closed","ping_status":"closed","template":"","meta":[],"product_brand":[2906],"product_cat":[1772],"product_tag":[],"class_list":{"0":"post-3688615","1":"product","2":"type-product","3":"status-publish","4":"has-post-thumbnail","6":"product_brand-easylock-hr","7":"product_cat-stoperi-i-kljune-za-jedrilice","9":"first","10":"instock","11":"shipping-taxable","12":"purchasable","13":"product-type-simple"},"_links":{"self":[{"href":"https:\/\/stoic-curie.212-227-153-4.plesk.page\/hr\/wp-json\/wp\/v2\/product\/3688615","targetHints":{"allow":["GET"]}}],"collection":[{"href":"https:\/\/stoic-curie.212-227-153-4.plesk.page\/hr\/wp-json\/wp\/v2\/product"}],"about":[{"href":"https:\/\/stoic-curie.212-227-153-4.plesk.page\/hr\/wp-json\/wp\/v2\/types\/product"}],"replies":[{"embeddable":true,"href":"https:\/\/stoic-curie.212-227-153-4.plesk.page\/hr\/wp-json\/wp\/v2\/comments?post=3688615"}],"version-history":[{"count":0,"href":"https:\/\/stoic-curie.212-227-153-4.plesk.page\/hr\/wp-json\/wp\/v2\/product\/3688615\/revisions"}],"wp:featuredmedia":[{"embeddable":true,"href":"https:\/\/stoic-curie.212-227-153-4.plesk.page\/hr\/wp-json\/wp\/v2\/media\/5940003"}],"wp:attachment":[{"href":"https:\/\/stoic-curie.212-227-153-4.plesk.page\/hr\/wp-json\/wp\/v2\/media?parent=3688615"}],"wp:term":[{"taxonomy":"product_brand","embeddable":true,"href":"https:\/\/stoic-curie.212-227-153-4.plesk.page\/hr\/wp-json\/wp\/v2\/product_brand?post=3688615"},{"taxonomy":"product_cat","embeddable":true,"href":"https:\/\/stoic-curie.212-227-153-4.plesk.page\/hr\/wp-json\/wp\/v2\/product_cat?post=3688615"},{"taxonomy":"product_tag","embeddable":true,"href":"https:\/\/stoic-curie.212-227-153-4.plesk.page\/hr\/wp-json\/wp\/v2\/product_tag?post=3688615"}],"curies":[{"name":"wp","href":"https:\/\/api.w.org\/{rel}","templated":true}]}}