{"id":3688626,"date":"2025-10-13T13:35:02","date_gmt":"2025-10-13T17:35:02","guid":{"rendered":"https:\/\/stoic-curie.212-227-153-4.plesk.page\/product\/pvc-terminal-za-t-tracnicu-antal-26mm\/"},"modified":"2026-02-25T00:00:49","modified_gmt":"2026-02-25T00:00:49","slug":"pvc-terminal-za-t-tracnicu-antal-26mm","status":"publish","type":"product","link":"https:\/\/stoic-curie.212-227-153-4.plesk.page\/hr\/product\/pvc-terminal-za-t-tracnicu-antal-26mm\/","title":{"rendered":"Pvc terminal za T-tracnicu Antal 26mm"},"content":{"rendered":"<p>Pvc terminal za T-tracnicu Antal 26mm &#8211; <\/p>\n<p>Crni bru\u0161eni aluminijski auto s \u010depom od 316 nehr\u0111aju\u0107eg \u010delika i kliznim umetcima od najlona. Rotiraju\u0107a (\u00c2\u00b150\u00c2\u00b0) baza kolotura od nehr\u0111aju\u0107eg \u010delika 316.<\/p>\n","protected":false},"excerpt":{"rendered":"<p>Pvc terminal za T-tracnicu Antal 26mm &#8211; Crni bru\u0161eni aluminijski auto s \u010depom od 316 nehr\u0111aju\u0107eg \u010delika i kliznim umetcima<\/p>\n","protected":false},"featured_media":5940013,"comment_status":"closed","ping_status":"closed","template":"","meta":[],"product_brand":[2786],"product_cat":[1759],"product_tag":[],"class_list":{"0":"post-3688626","1":"product","2":"type-product","3":"status-publish","4":"has-post-thumbnail","6":"product_brand-antal-hr","7":"product_cat-sustavi-klizaca-genove","9":"first","10":"instock","11":"shipping-taxable","12":"purchasable","13":"product-type-simple"},"_links":{"self":[{"href":"https:\/\/stoic-curie.212-227-153-4.plesk.page\/hr\/wp-json\/wp\/v2\/product\/3688626","targetHints":{"allow":["GET"]}}],"collection":[{"href":"https:\/\/stoic-curie.212-227-153-4.plesk.page\/hr\/wp-json\/wp\/v2\/product"}],"about":[{"href":"https:\/\/stoic-curie.212-227-153-4.plesk.page\/hr\/wp-json\/wp\/v2\/types\/product"}],"replies":[{"embeddable":true,"href":"https:\/\/stoic-curie.212-227-153-4.plesk.page\/hr\/wp-json\/wp\/v2\/comments?post=3688626"}],"version-history":[{"count":0,"href":"https:\/\/stoic-curie.212-227-153-4.plesk.page\/hr\/wp-json\/wp\/v2\/product\/3688626\/revisions"}],"wp:featuredmedia":[{"embeddable":true,"href":"https:\/\/stoic-curie.212-227-153-4.plesk.page\/hr\/wp-json\/wp\/v2\/media\/5940013"}],"wp:attachment":[{"href":"https:\/\/stoic-curie.212-227-153-4.plesk.page\/hr\/wp-json\/wp\/v2\/media?parent=3688626"}],"wp:term":[{"taxonomy":"product_brand","embeddable":true,"href":"https:\/\/stoic-curie.212-227-153-4.plesk.page\/hr\/wp-json\/wp\/v2\/product_brand?post=3688626"},{"taxonomy":"product_cat","embeddable":true,"href":"https:\/\/stoic-curie.212-227-153-4.plesk.page\/hr\/wp-json\/wp\/v2\/product_cat?post=3688626"},{"taxonomy":"product_tag","embeddable":true,"href":"https:\/\/stoic-curie.212-227-153-4.plesk.page\/hr\/wp-json\/wp\/v2\/product_tag?post=3688626"}],"curies":[{"name":"wp","href":"https:\/\/api.w.org\/{rel}","templated":true}]}}