{"id":3688627,"date":"2025-10-13T13:35:02","date_gmt":"2025-10-13T17:35:02","guid":{"rendered":"https:\/\/stoic-curie.212-227-153-4.plesk.page\/product\/hs-lezeca-kolotura-sa-kuglicnim-lezajem-8mm\/"},"modified":"2026-02-25T00:00:49","modified_gmt":"2026-02-25T00:00:49","slug":"hs-lezeca-kolotura-sa-kuglicnim-lezajem-8mm","status":"publish","type":"product","link":"https:\/\/stoic-curie.212-227-153-4.plesk.page\/hr\/product\/hs-lezeca-kolotura-sa-kuglicnim-lezajem-8mm\/","title":{"rendered":"HS le\u017ee\u0107a kolotura sa kuglicnim le\u017eajem 8mm"},"content":{"rendered":"<p>HS le\u017ee\u0107a kolotura sa kuglicnim le\u017eajem 8mm &#8211; <\/p>\n<p>HS klizni le\u017eaj bo\u010dni blok. Udaljenost izme\u0111u osovine i baze kota\u010da: 25 mm. Kavez od nehr\u0111aju\u0107eg \u010delika. U\u017ee<\/p>\n","protected":false},"excerpt":{"rendered":"<p>HS le\u017ee\u0107a kolotura sa kuglicnim le\u017eajem 8mm &#8211; HS klizni le\u017eaj bo\u010dni blok. Udaljenost izme\u0111u osovine i baze kota\u010da: 25<\/p>\n","protected":false},"featured_media":5940016,"comment_status":"closed","ping_status":"closed","template":"","meta":[],"product_brand":[3431],"product_cat":[1769,1760],"product_tag":[],"class_list":{"0":"post-3688627","1":"product","2":"type-product","3":"status-publish","4":"has-post-thumbnail","6":"product_brand-sprenger-hs-hr","7":"product_cat-koloture-za-jedrilice-sprenger","8":"product_cat-palubni-organizatori-za-jedrilice","10":"first","11":"instock","12":"shipping-taxable","13":"purchasable","14":"product-type-simple"},"_links":{"self":[{"href":"https:\/\/stoic-curie.212-227-153-4.plesk.page\/hr\/wp-json\/wp\/v2\/product\/3688627","targetHints":{"allow":["GET"]}}],"collection":[{"href":"https:\/\/stoic-curie.212-227-153-4.plesk.page\/hr\/wp-json\/wp\/v2\/product"}],"about":[{"href":"https:\/\/stoic-curie.212-227-153-4.plesk.page\/hr\/wp-json\/wp\/v2\/types\/product"}],"replies":[{"embeddable":true,"href":"https:\/\/stoic-curie.212-227-153-4.plesk.page\/hr\/wp-json\/wp\/v2\/comments?post=3688627"}],"version-history":[{"count":0,"href":"https:\/\/stoic-curie.212-227-153-4.plesk.page\/hr\/wp-json\/wp\/v2\/product\/3688627\/revisions"}],"wp:featuredmedia":[{"embeddable":true,"href":"https:\/\/stoic-curie.212-227-153-4.plesk.page\/hr\/wp-json\/wp\/v2\/media\/5940016"}],"wp:attachment":[{"href":"https:\/\/stoic-curie.212-227-153-4.plesk.page\/hr\/wp-json\/wp\/v2\/media?parent=3688627"}],"wp:term":[{"taxonomy":"product_brand","embeddable":true,"href":"https:\/\/stoic-curie.212-227-153-4.plesk.page\/hr\/wp-json\/wp\/v2\/product_brand?post=3688627"},{"taxonomy":"product_cat","embeddable":true,"href":"https:\/\/stoic-curie.212-227-153-4.plesk.page\/hr\/wp-json\/wp\/v2\/product_cat?post=3688627"},{"taxonomy":"product_tag","embeddable":true,"href":"https:\/\/stoic-curie.212-227-153-4.plesk.page\/hr\/wp-json\/wp\/v2\/product_tag?post=3688627"}],"curies":[{"name":"wp","href":"https:\/\/api.w.org\/{rel}","templated":true}]}}