{"id":3688629,"date":"2025-10-13T13:35:02","date_gmt":"2025-10-13T17:35:02","guid":{"rendered":"https:\/\/stoic-curie.212-227-153-4.plesk.page\/product\/palubni-organizatori-za-jedrilice-hs-1-valjak-12mm\/"},"modified":"2026-02-25T00:00:49","modified_gmt":"2026-02-25T00:00:49","slug":"palubni-organizatori-za-jedrilice-hs-1-valjak-12mm","status":"publish","type":"product","link":"https:\/\/stoic-curie.212-227-153-4.plesk.page\/hr\/product\/palubni-organizatori-za-jedrilice-hs-1-valjak-12mm\/","title":{"rendered":"Palubni organizatori za jedrilice HS &#8211; 1 Valjak &#8211; 12mm"},"content":{"rendered":"<p>Palubni organizatori za jedrilice HS &#8211; 1 Valjak &#8211; 12mm &#8211; <\/p>\n<p>HS organizatori vi\u0161estrukih paluba s 1 &#8211; 2 &#8211; 3 remenicama.<br \/>&#8211; Sna\u017eno optere\u0107eni klizni le\u017eajevi<br \/>&#8211; Visokokvalitetne plasti\u010dne remenice otporne na UV<br \/>&#8211; Kule od nehr\u0111aju\u0107eg \u010delika i crnog anodiziranog aluminija otporne na morsku vodu<\/p>\n","protected":false},"excerpt":{"rendered":"<p>Palubni organizatori za jedrilice HS &#8211; 1 Valjak &#8211; 12mm &#8211; HS organizatori vi\u0161estrukih paluba s 1 &#8211; 2 &#8211;<\/p>\n","protected":false},"featured_media":5940019,"comment_status":"closed","ping_status":"closed","template":"","meta":[],"product_brand":[3431],"product_cat":[1769,1760],"product_tag":[],"class_list":{"0":"post-3688629","1":"product","2":"type-product","3":"status-publish","4":"has-post-thumbnail","6":"product_brand-sprenger-hs-hr","7":"product_cat-koloture-za-jedrilice-sprenger","8":"product_cat-palubni-organizatori-za-jedrilice","10":"first","11":"instock","12":"shipping-taxable","13":"purchasable","14":"product-type-simple"},"_links":{"self":[{"href":"https:\/\/stoic-curie.212-227-153-4.plesk.page\/hr\/wp-json\/wp\/v2\/product\/3688629","targetHints":{"allow":["GET"]}}],"collection":[{"href":"https:\/\/stoic-curie.212-227-153-4.plesk.page\/hr\/wp-json\/wp\/v2\/product"}],"about":[{"href":"https:\/\/stoic-curie.212-227-153-4.plesk.page\/hr\/wp-json\/wp\/v2\/types\/product"}],"replies":[{"embeddable":true,"href":"https:\/\/stoic-curie.212-227-153-4.plesk.page\/hr\/wp-json\/wp\/v2\/comments?post=3688629"}],"version-history":[{"count":0,"href":"https:\/\/stoic-curie.212-227-153-4.plesk.page\/hr\/wp-json\/wp\/v2\/product\/3688629\/revisions"}],"wp:featuredmedia":[{"embeddable":true,"href":"https:\/\/stoic-curie.212-227-153-4.plesk.page\/hr\/wp-json\/wp\/v2\/media\/5940019"}],"wp:attachment":[{"href":"https:\/\/stoic-curie.212-227-153-4.plesk.page\/hr\/wp-json\/wp\/v2\/media?parent=3688629"}],"wp:term":[{"taxonomy":"product_brand","embeddable":true,"href":"https:\/\/stoic-curie.212-227-153-4.plesk.page\/hr\/wp-json\/wp\/v2\/product_brand?post=3688629"},{"taxonomy":"product_cat","embeddable":true,"href":"https:\/\/stoic-curie.212-227-153-4.plesk.page\/hr\/wp-json\/wp\/v2\/product_cat?post=3688629"},{"taxonomy":"product_tag","embeddable":true,"href":"https:\/\/stoic-curie.212-227-153-4.plesk.page\/hr\/wp-json\/wp\/v2\/product_tag?post=3688629"}],"curies":[{"name":"wp","href":"https:\/\/api.w.org\/{rel}","templated":true}]}}