{"id":3688641,"date":"2025-10-13T13:35:05","date_gmt":"2025-10-13T17:35:05","guid":{"rendered":"https:\/\/stoic-curie.212-227-153-4.plesk.page\/product\/bokobran-za-dokove-kutni-dock-guard-plavi-2525x6cm\/"},"modified":"2026-02-25T00:00:49","modified_gmt":"2026-02-25T00:00:49","slug":"bokobran-za-dokove-kutni-dock-guard-plavi-2525x6cm","status":"publish","type":"product","link":"https:\/\/stoic-curie.212-227-153-4.plesk.page\/hr\/product\/bokobran-za-dokove-kutni-dock-guard-plavi-2525x6cm\/","title":{"rendered":"Bokobran za dokove kutni, Dock Guard plavi &#8211; 25+25x6cm"},"content":{"rendered":"<p>Bokobran za dokove kutni, Dock Guard plavi &#8211; 25+25x6cm &#8211; <\/p>\n<p>Za\u0161tita pod kutom od 25 + 25 cm za za\u0161titu rubova \u010damca i pristani\u0161ta.<\/p>\n","protected":false},"excerpt":{"rendered":"<p>Bokobran za dokove kutni, Dock Guard plavi &#8211; 25+25x6cm &#8211; Za\u0161tita pod kutom od 25 + 25 cm za za\u0161titu<\/p>\n","protected":false},"featured_media":5940043,"comment_status":"closed","ping_status":"closed","template":"","meta":[],"product_brand":[3091],"product_cat":[1849],"product_tag":[],"class_list":{"0":"post-3688641","1":"product","2":"type-product","3":"status-publish","4":"has-post-thumbnail","6":"product_brand-majoni-hr","7":"product_cat-bokobrani-za-dokove","9":"first","10":"instock","11":"shipping-taxable","12":"purchasable","13":"product-type-simple"},"_links":{"self":[{"href":"https:\/\/stoic-curie.212-227-153-4.plesk.page\/hr\/wp-json\/wp\/v2\/product\/3688641","targetHints":{"allow":["GET"]}}],"collection":[{"href":"https:\/\/stoic-curie.212-227-153-4.plesk.page\/hr\/wp-json\/wp\/v2\/product"}],"about":[{"href":"https:\/\/stoic-curie.212-227-153-4.plesk.page\/hr\/wp-json\/wp\/v2\/types\/product"}],"replies":[{"embeddable":true,"href":"https:\/\/stoic-curie.212-227-153-4.plesk.page\/hr\/wp-json\/wp\/v2\/comments?post=3688641"}],"version-history":[{"count":0,"href":"https:\/\/stoic-curie.212-227-153-4.plesk.page\/hr\/wp-json\/wp\/v2\/product\/3688641\/revisions"}],"wp:featuredmedia":[{"embeddable":true,"href":"https:\/\/stoic-curie.212-227-153-4.plesk.page\/hr\/wp-json\/wp\/v2\/media\/5940043"}],"wp:attachment":[{"href":"https:\/\/stoic-curie.212-227-153-4.plesk.page\/hr\/wp-json\/wp\/v2\/media?parent=3688641"}],"wp:term":[{"taxonomy":"product_brand","embeddable":true,"href":"https:\/\/stoic-curie.212-227-153-4.plesk.page\/hr\/wp-json\/wp\/v2\/product_brand?post=3688641"},{"taxonomy":"product_cat","embeddable":true,"href":"https:\/\/stoic-curie.212-227-153-4.plesk.page\/hr\/wp-json\/wp\/v2\/product_cat?post=3688641"},{"taxonomy":"product_tag","embeddable":true,"href":"https:\/\/stoic-curie.212-227-153-4.plesk.page\/hr\/wp-json\/wp\/v2\/product_tag?post=3688641"}],"curies":[{"name":"wp","href":"https:\/\/api.w.org\/{rel}","templated":true}]}}