{"id":3688646,"date":"2025-10-13T13:35:07","date_gmt":"2025-10-13T17:35:07","guid":{"rendered":"https:\/\/stoic-curie.212-227-153-4.plesk.page\/product\/dockwheel-plutajuci-bokobran-300x150mm\/"},"modified":"2026-02-25T00:00:49","modified_gmt":"2026-02-25T00:00:49","slug":"dockwheel-plutajuci-bokobran-300x150mm","status":"publish","type":"product","link":"https:\/\/stoic-curie.212-227-153-4.plesk.page\/hr\/product\/dockwheel-plutajuci-bokobran-300x150mm\/","title":{"rendered":"Dockwheel plutajuci bokobran 300x150mm"},"content":{"rendered":"<p>Dockwheel plutajuci bokobran 300x150mm &#8211; <\/p>\n<p>Za\u0161tita kota\u010da pristani\u0161ta od PVC-a za pristani\u0161ta. Podr\u0161ka nije uklju\u010dena. Omogu\u0107uje glatko prolaz brodova tijekom pristajanja.<\/p>\n","protected":false},"excerpt":{"rendered":"<p>Dockwheel plutajuci bokobran 300x150mm &#8211; Za\u0161tita kota\u010da pristani\u0161ta od PVC-a za pristani\u0161ta. Podr\u0161ka nije uklju\u010dena. Omogu\u0107uje glatko prolaz brodova tijekom<\/p>\n","protected":false},"featured_media":5940054,"comment_status":"closed","ping_status":"closed","template":"","meta":[],"product_brand":[3091],"product_cat":[1849],"product_tag":[],"class_list":{"0":"post-3688646","1":"product","2":"type-product","3":"status-publish","4":"has-post-thumbnail","6":"product_brand-majoni-hr","7":"product_cat-bokobrani-za-dokove","9":"first","10":"instock","11":"shipping-taxable","12":"purchasable","13":"product-type-simple"},"_links":{"self":[{"href":"https:\/\/stoic-curie.212-227-153-4.plesk.page\/hr\/wp-json\/wp\/v2\/product\/3688646","targetHints":{"allow":["GET"]}}],"collection":[{"href":"https:\/\/stoic-curie.212-227-153-4.plesk.page\/hr\/wp-json\/wp\/v2\/product"}],"about":[{"href":"https:\/\/stoic-curie.212-227-153-4.plesk.page\/hr\/wp-json\/wp\/v2\/types\/product"}],"replies":[{"embeddable":true,"href":"https:\/\/stoic-curie.212-227-153-4.plesk.page\/hr\/wp-json\/wp\/v2\/comments?post=3688646"}],"version-history":[{"count":0,"href":"https:\/\/stoic-curie.212-227-153-4.plesk.page\/hr\/wp-json\/wp\/v2\/product\/3688646\/revisions"}],"wp:featuredmedia":[{"embeddable":true,"href":"https:\/\/stoic-curie.212-227-153-4.plesk.page\/hr\/wp-json\/wp\/v2\/media\/5940054"}],"wp:attachment":[{"href":"https:\/\/stoic-curie.212-227-153-4.plesk.page\/hr\/wp-json\/wp\/v2\/media?parent=3688646"}],"wp:term":[{"taxonomy":"product_brand","embeddable":true,"href":"https:\/\/stoic-curie.212-227-153-4.plesk.page\/hr\/wp-json\/wp\/v2\/product_brand?post=3688646"},{"taxonomy":"product_cat","embeddable":true,"href":"https:\/\/stoic-curie.212-227-153-4.plesk.page\/hr\/wp-json\/wp\/v2\/product_cat?post=3688646"},{"taxonomy":"product_tag","embeddable":true,"href":"https:\/\/stoic-curie.212-227-153-4.plesk.page\/hr\/wp-json\/wp\/v2\/product_tag?post=3688646"}],"curies":[{"name":"wp","href":"https:\/\/api.w.org\/{rel}","templated":true}]}}