{"id":3688647,"date":"2025-10-13T13:35:07","date_gmt":"2025-10-13T17:35:07","guid":{"rendered":"https:\/\/stoic-curie.212-227-153-4.plesk.page\/product\/polyform-f1\/"},"modified":"2026-02-25T00:00:49","modified_gmt":"2026-02-25T00:00:49","slug":"polyform-f1","status":"publish","type":"product","link":"https:\/\/stoic-curie.212-227-153-4.plesk.page\/hr\/product\/polyform-f1\/","title":{"rendered":"Polyform F1"},"content":{"rendered":"<p>Polyform F1 &#8211; <\/p>\n<p>Polyform F1 (610x145mm), POLYFORM\u00ae F1 je vrhunska fender izra\u0111ena od jedinstvene mje\u0161avine visokokvalitetnih materijala. Ovaj fender ima rebraste u\u0161ice za u\u017ead i rotomouldan je od izdr\u017eljivog, fleksibilnog vinila, \u0161to ga \u010dini otpornim na sve vremenske uvjete.<\/p>\n<p>F-serijski fenderi koriste se \u0161irom svijeta za razne primjene, uklju\u010duju\u0107i motorne brodove, jahte, radne brodove i brodove za pilote. Najve\u0107i F-serijski fenderi se \u010dak koriste od strane nacionalnih mornarica za plovila te\u017eine do 1.500 tona.<\/p>\n<p><strong>Specifikacije proizvoda:<\/strong><\/p>\n<ul>\n<li><strong>Broj artikla:<\/strong> F1<\/li>\n<li><strong>Maksimalni promjer:<\/strong> 150 mm<\/li>\n<li><strong>Visina:<\/strong> 610 mm<\/li>\n<li><strong>Nominalna te\u017eina:<\/strong> 1,0 kg<\/li>\n<li><strong>Promjer u\u0161ice za u\u017ead:<\/strong> 22 mm<\/li>\n<li><strong>Tip ventila:<\/strong> V10<\/li>\n<li><strong>Bruto volumen:<\/strong> 8 L<\/li>\n<\/ul>\n<p><strong>Tehni\u010dke informacije:<\/strong><\/p>\n<ul>\n<li><strong>Uteg za u\u0161icu:<\/strong> 800 kp<\/li>\n<li><strong>Tvrdoca materijala tijela (Shore A):<\/strong> 66<\/li>\n<li><strong>Probojna \u010dvrsto\u0107a:<\/strong> 13.9 MPa<\/li>\n<li><strong>Produ\u017eenje pri lomu:<\/strong> 587%<\/li>\n<li><strong>Temperatura fleksibilnosti na hladno\u0107i:<\/strong> -33\u00b0C<\/li>\n<li><strong>Preporu\u010dena maksimalna temperatura:<\/strong> 40\u00b0C<\/li>\n<li><strong>Maksimalna temperatura koja ne smije biti prekora\u010dena:<\/strong> 50\u00b0C<\/li>\n<li><strong>Specifi\u010dna te\u017eina:<\/strong> 1.17<\/li>\n<\/ul>\n<p>Kako tijelo tako i u\u0161ica napravljeni su od PVC-a, osiguravaju\u0107i da ne sadr\u017ee CFC i da su bez kadmija. Proizvedeno od strane Polymatic\u00ae<\/p>\n","protected":false},"excerpt":{"rendered":"<p>Polyform F1 &#8211; Polyform F1 (610x145mm), POLYFORM\u00ae F1 je vrhunska fender izra\u0111ena od jedinstvene mje\u0161avine visokokvalitetnih materijala. Ovaj fender ima<\/p>\n","protected":false},"featured_media":5940078,"comment_status":"closed","ping_status":"closed","template":"","meta":[],"product_brand":[3271],"product_cat":[1848],"product_tag":[],"class_list":{"0":"post-3688647","1":"product","2":"type-product","3":"status-publish","4":"has-post-thumbnail","6":"product_brand-polyform-hr","7":"product_cat-brodski-bokobrani","9":"first","10":"instock","11":"shipping-taxable","12":"purchasable","13":"product-type-simple"},"_links":{"self":[{"href":"https:\/\/stoic-curie.212-227-153-4.plesk.page\/hr\/wp-json\/wp\/v2\/product\/3688647","targetHints":{"allow":["GET"]}}],"collection":[{"href":"https:\/\/stoic-curie.212-227-153-4.plesk.page\/hr\/wp-json\/wp\/v2\/product"}],"about":[{"href":"https:\/\/stoic-curie.212-227-153-4.plesk.page\/hr\/wp-json\/wp\/v2\/types\/product"}],"replies":[{"embeddable":true,"href":"https:\/\/stoic-curie.212-227-153-4.plesk.page\/hr\/wp-json\/wp\/v2\/comments?post=3688647"}],"version-history":[{"count":0,"href":"https:\/\/stoic-curie.212-227-153-4.plesk.page\/hr\/wp-json\/wp\/v2\/product\/3688647\/revisions"}],"wp:featuredmedia":[{"embeddable":true,"href":"https:\/\/stoic-curie.212-227-153-4.plesk.page\/hr\/wp-json\/wp\/v2\/media\/5940078"}],"wp:attachment":[{"href":"https:\/\/stoic-curie.212-227-153-4.plesk.page\/hr\/wp-json\/wp\/v2\/media?parent=3688647"}],"wp:term":[{"taxonomy":"product_brand","embeddable":true,"href":"https:\/\/stoic-curie.212-227-153-4.plesk.page\/hr\/wp-json\/wp\/v2\/product_brand?post=3688647"},{"taxonomy":"product_cat","embeddable":true,"href":"https:\/\/stoic-curie.212-227-153-4.plesk.page\/hr\/wp-json\/wp\/v2\/product_cat?post=3688647"},{"taxonomy":"product_tag","embeddable":true,"href":"https:\/\/stoic-curie.212-227-153-4.plesk.page\/hr\/wp-json\/wp\/v2\/product_tag?post=3688647"}],"curies":[{"name":"wp","href":"https:\/\/api.w.org\/{rel}","templated":true}]}}