{"id":3688648,"date":"2025-10-13T13:35:07","date_gmt":"2025-10-13T17:35:07","guid":{"rendered":"https:\/\/stoic-curie.212-227-153-4.plesk.page\/product\/polyform-f2\/"},"modified":"2026-02-25T00:00:49","modified_gmt":"2026-02-25T00:00:49","slug":"polyform-f2","status":"publish","type":"product","link":"https:\/\/stoic-curie.212-227-153-4.plesk.page\/hr\/product\/polyform-f2\/","title":{"rendered":"Polyform F2"},"content":{"rendered":"<p>Polyform F2 &#8211; <\/p>\n<p>Polyform F2 (610x220mm), POLYFORM\u00ae F2 je vrhunski, be\u0161avni, izdr\u017eljivi fender koji sadr\u017ei robusnu, unaprijed izra\u0111enu injekcijskom tehnologijom napravljenu u\u017ee. Fender i njegovu osna\u017eenu u\u017ee integrirali smo koriste\u0107i na\u0161u patentiranu POLYMATIQ tehnologiju. Proizvedeni od jedinstvene mje\u0161avine visokokvalitetnog, fleksibilnog vinila, F-serija fendera dizajnirana je za izdr\u017eavanje svih vremenskih uvjeta. Ovi fenderi se globalno koriste za razli\u010dite primjene, uklju\u010duju\u0107i rekreativne brodove, jahte, radne brodove i pilot brodove. Najve\u0107i F-serijski fenderi koriste se \u010dak i od strane nacionalnih mornarica za plovila koja te\u017ee do 1.500 tona.<\/p>\n<p><strong>Specifikacije proizvoda:<\/strong><\/p>\n<ul>\n<li>Broj artikla: F2<\/li>\n<li>Maksimalni promjer: 220 mm<\/li>\n<li>Maksimalna visina: 610 mm<\/li>\n<li>Nominalna te\u017eina: 1,75 kg<\/li>\n<li>Promjer u\u017ee: 28 mm<\/li>\n<li>Tip ventila: V10<\/li>\n<li>Bruto volumen: 16 L<\/li>\n<\/ul>\n<p><strong>Tehni\u010dke informacije:<\/strong><\/p>\n<ul>\n<li>Nosivost u\u017ee: 1400 kp<\/li>\n<li>Tvrdoca materijala tijela: Shore A 66<\/li>\n<li>\u010cvrsto\u0107a na istezanje: 13,9 MPa<\/li>\n<li>Produ\u017eenje pri lomu: 587%<\/li>\n<li>Temperatura fleksibilnosti na hladno\u0107i: -33\u00b0C<\/li>\n<li>Preporu\u010dena maksimalna temperatura: 40\u00b0C<\/li>\n<li>Maksimalna temperatura: 50\u00b0C<\/li>\n<li>Specifi\u010dna te\u017eina: 1,17<\/li>\n<\/ul>\n<p>Kako tijelo tako i u\u017ee izra\u0111eni su od PVC-a, \u0161to osigurava da ne sadr\u017ee CFC i da su bez kadmija. Proizvodi Polymatic\u00ae.<\/p>\n","protected":false},"excerpt":{"rendered":"<p>Polyform F2 &#8211; Polyform F2 (610x220mm), POLYFORM\u00ae F2 je vrhunski, be\u0161avni, izdr\u017eljivi fender koji sadr\u017ei robusnu, unaprijed izra\u0111enu injekcijskom tehnologijom<\/p>\n","protected":false},"featured_media":5940078,"comment_status":"closed","ping_status":"closed","template":"","meta":[],"product_brand":[3271],"product_cat":[1848],"product_tag":[],"class_list":{"0":"post-3688648","1":"product","2":"type-product","3":"status-publish","4":"has-post-thumbnail","6":"product_brand-polyform-hr","7":"product_cat-brodski-bokobrani","9":"first","10":"instock","11":"shipping-taxable","12":"purchasable","13":"product-type-simple"},"_links":{"self":[{"href":"https:\/\/stoic-curie.212-227-153-4.plesk.page\/hr\/wp-json\/wp\/v2\/product\/3688648","targetHints":{"allow":["GET"]}}],"collection":[{"href":"https:\/\/stoic-curie.212-227-153-4.plesk.page\/hr\/wp-json\/wp\/v2\/product"}],"about":[{"href":"https:\/\/stoic-curie.212-227-153-4.plesk.page\/hr\/wp-json\/wp\/v2\/types\/product"}],"replies":[{"embeddable":true,"href":"https:\/\/stoic-curie.212-227-153-4.plesk.page\/hr\/wp-json\/wp\/v2\/comments?post=3688648"}],"version-history":[{"count":0,"href":"https:\/\/stoic-curie.212-227-153-4.plesk.page\/hr\/wp-json\/wp\/v2\/product\/3688648\/revisions"}],"wp:featuredmedia":[{"embeddable":true,"href":"https:\/\/stoic-curie.212-227-153-4.plesk.page\/hr\/wp-json\/wp\/v2\/media\/5940078"}],"wp:attachment":[{"href":"https:\/\/stoic-curie.212-227-153-4.plesk.page\/hr\/wp-json\/wp\/v2\/media?parent=3688648"}],"wp:term":[{"taxonomy":"product_brand","embeddable":true,"href":"https:\/\/stoic-curie.212-227-153-4.plesk.page\/hr\/wp-json\/wp\/v2\/product_brand?post=3688648"},{"taxonomy":"product_cat","embeddable":true,"href":"https:\/\/stoic-curie.212-227-153-4.plesk.page\/hr\/wp-json\/wp\/v2\/product_cat?post=3688648"},{"taxonomy":"product_tag","embeddable":true,"href":"https:\/\/stoic-curie.212-227-153-4.plesk.page\/hr\/wp-json\/wp\/v2\/product_tag?post=3688648"}],"curies":[{"name":"wp","href":"https:\/\/api.w.org\/{rel}","templated":true}]}}