{"id":3688665,"date":"2025-10-13T13:35:12","date_gmt":"2025-10-13T17:35:12","guid":{"rendered":"https:\/\/stoic-curie.212-227-153-4.plesk.page\/product\/plosnati-bokobran-plavi-650x300x80mm\/"},"modified":"2026-02-25T00:00:49","modified_gmt":"2026-02-25T00:00:49","slug":"plosnati-bokobran-plavi-650x300x80mm","status":"publish","type":"product","link":"https:\/\/stoic-curie.212-227-153-4.plesk.page\/hr\/product\/plosnati-bokobran-plavi-650x300x80mm\/","title":{"rendered":"Plosnati bokobran plavi 650x300x80mm"},"content":{"rendered":"<p>Plosnati bokobran plavi 650x300x80mm &#8211; <\/p>\n<p>Modularni splavi od visokotvrdog E.V.A. zatvorenih \u0107elija meke pjene. Lako se pohranjuju zahvaljuju\u0107i ravnom obliku, koriste se kada nema dovoljno prostora izme\u0111u dvaju \u010damaca. Lako se povezuju kako bi se stvorila za\u0161titna barijera. S 4 rupe za u\u017ee i 2 rupe za remen. Uklju\u010deno u\u017ee od 2,40 m.<\/p>\n","protected":false},"excerpt":{"rendered":"<p>Plosnati bokobran plavi 650x300x80mm &#8211; Modularni splavi od visokotvrdog E.V.A. zatvorenih \u0107elija meke pjene. Lako se pohranjuju zahvaljuju\u0107i ravnom obliku,<\/p>\n","protected":false},"featured_media":5940116,"comment_status":"closed","ping_status":"closed","template":"","meta":[],"product_brand":[3091],"product_cat":[1849,1848],"product_tag":[],"class_list":{"0":"post-3688665","1":"product","2":"type-product","3":"status-publish","4":"has-post-thumbnail","6":"product_brand-majoni-hr","7":"product_cat-bokobrani-za-dokove","8":"product_cat-brodski-bokobrani","10":"first","11":"instock","12":"shipping-taxable","13":"purchasable","14":"product-type-simple"},"_links":{"self":[{"href":"https:\/\/stoic-curie.212-227-153-4.plesk.page\/hr\/wp-json\/wp\/v2\/product\/3688665","targetHints":{"allow":["GET"]}}],"collection":[{"href":"https:\/\/stoic-curie.212-227-153-4.plesk.page\/hr\/wp-json\/wp\/v2\/product"}],"about":[{"href":"https:\/\/stoic-curie.212-227-153-4.plesk.page\/hr\/wp-json\/wp\/v2\/types\/product"}],"replies":[{"embeddable":true,"href":"https:\/\/stoic-curie.212-227-153-4.plesk.page\/hr\/wp-json\/wp\/v2\/comments?post=3688665"}],"version-history":[{"count":0,"href":"https:\/\/stoic-curie.212-227-153-4.plesk.page\/hr\/wp-json\/wp\/v2\/product\/3688665\/revisions"}],"wp:featuredmedia":[{"embeddable":true,"href":"https:\/\/stoic-curie.212-227-153-4.plesk.page\/hr\/wp-json\/wp\/v2\/media\/5940116"}],"wp:attachment":[{"href":"https:\/\/stoic-curie.212-227-153-4.plesk.page\/hr\/wp-json\/wp\/v2\/media?parent=3688665"}],"wp:term":[{"taxonomy":"product_brand","embeddable":true,"href":"https:\/\/stoic-curie.212-227-153-4.plesk.page\/hr\/wp-json\/wp\/v2\/product_brand?post=3688665"},{"taxonomy":"product_cat","embeddable":true,"href":"https:\/\/stoic-curie.212-227-153-4.plesk.page\/hr\/wp-json\/wp\/v2\/product_cat?post=3688665"},{"taxonomy":"product_tag","embeddable":true,"href":"https:\/\/stoic-curie.212-227-153-4.plesk.page\/hr\/wp-json\/wp\/v2\/product_tag?post=3688665"}],"curies":[{"name":"wp","href":"https:\/\/api.w.org\/{rel}","templated":true}]}}