{"id":3688667,"date":"2025-10-13T13:35:13","date_gmt":"2025-10-13T17:35:13","guid":{"rendered":"https:\/\/stoic-curie.212-227-153-4.plesk.page\/product\/nawa-okretni-konektor-30mm\/"},"modified":"2026-02-25T00:00:49","modified_gmt":"2026-02-25T00:00:49","slug":"nawa-okretni-konektor-30mm","status":"publish","type":"product","link":"https:\/\/stoic-curie.212-227-153-4.plesk.page\/hr\/product\/nawa-okretni-konektor-30mm\/","title":{"rendered":"Nawa okretni konektor 30mm"},"content":{"rendered":"<p>Nawa okretni konektor 30mm &#8211; <\/p>\n<p>NAWA modularni nosa\u010di fendera izra\u0111eni su od visokokvalitetnog elektropoliranog nehr\u0111aju\u0107eg \u010delika 316. Najsvestranije rje\u0161enje za skladi\u0161tenje fendera s patentiranim konektorima koji omogu\u0107uju pri\u010dvr\u0161\u0107ivanje ko\u0161ara na bilo koju ogradu u bilo kojoj kombinaciji. Sve \u0161to trebate za instalaciju je odvija\u010d, jedna ili vi\u0161e ko\u0161ara te jedan ili vi\u0161e rotiraju\u0107ih ili paralelnih konektora. Rotiraju\u0107i konektor je stezna cijev za ograde promjera 22, 25, 30 ili 32 mm. Paralelni konektor spaja vi\u0161e ko\u0161ara zajedno.<\/p>\n","protected":false},"excerpt":{"rendered":"<p>Nawa okretni konektor 30mm &#8211; NAWA modularni nosa\u010di fendera izra\u0111eni su od visokokvalitetnog elektropoliranog nehr\u0111aju\u0107eg \u010delika 316. Najsvestranije rje\u0161enje za<\/p>\n","protected":false},"featured_media":5940130,"comment_status":"closed","ping_status":"closed","template":"","meta":[],"product_brand":[3181],"product_cat":[1847],"product_tag":[],"class_list":{"0":"post-3688667","1":"product","2":"type-product","3":"status-publish","4":"has-post-thumbnail","6":"product_brand-nawa-hr","7":"product_cat-pribor-za-bokobrane","9":"first","10":"instock","11":"shipping-taxable","12":"purchasable","13":"product-type-simple"},"_links":{"self":[{"href":"https:\/\/stoic-curie.212-227-153-4.plesk.page\/hr\/wp-json\/wp\/v2\/product\/3688667","targetHints":{"allow":["GET"]}}],"collection":[{"href":"https:\/\/stoic-curie.212-227-153-4.plesk.page\/hr\/wp-json\/wp\/v2\/product"}],"about":[{"href":"https:\/\/stoic-curie.212-227-153-4.plesk.page\/hr\/wp-json\/wp\/v2\/types\/product"}],"replies":[{"embeddable":true,"href":"https:\/\/stoic-curie.212-227-153-4.plesk.page\/hr\/wp-json\/wp\/v2\/comments?post=3688667"}],"version-history":[{"count":0,"href":"https:\/\/stoic-curie.212-227-153-4.plesk.page\/hr\/wp-json\/wp\/v2\/product\/3688667\/revisions"}],"wp:featuredmedia":[{"embeddable":true,"href":"https:\/\/stoic-curie.212-227-153-4.plesk.page\/hr\/wp-json\/wp\/v2\/media\/5940130"}],"wp:attachment":[{"href":"https:\/\/stoic-curie.212-227-153-4.plesk.page\/hr\/wp-json\/wp\/v2\/media?parent=3688667"}],"wp:term":[{"taxonomy":"product_brand","embeddable":true,"href":"https:\/\/stoic-curie.212-227-153-4.plesk.page\/hr\/wp-json\/wp\/v2\/product_brand?post=3688667"},{"taxonomy":"product_cat","embeddable":true,"href":"https:\/\/stoic-curie.212-227-153-4.plesk.page\/hr\/wp-json\/wp\/v2\/product_cat?post=3688667"},{"taxonomy":"product_tag","embeddable":true,"href":"https:\/\/stoic-curie.212-227-153-4.plesk.page\/hr\/wp-json\/wp\/v2\/product_tag?post=3688667"}],"curies":[{"name":"wp","href":"https:\/\/api.w.org\/{rel}","templated":true}]}}