{"id":3688676,"date":"2025-10-13T13:35:15","date_gmt":"2025-10-13T17:35:15","guid":{"rendered":"https:\/\/stoic-curie.212-227-153-4.plesk.page\/product\/plosnata-plutaca-s-jednom-rupom-80mm-bijela\/"},"modified":"2026-02-25T00:00:49","modified_gmt":"2026-02-25T00:00:49","slug":"plosnata-plutaca-s-jednom-rupom-80mm-bijela","status":"publish","type":"product","link":"https:\/\/stoic-curie.212-227-153-4.plesk.page\/hr\/product\/plosnata-plutaca-s-jednom-rupom-80mm-bijela\/","title":{"rendered":"Plosnata plutaca s jednom rupom, 80mm, bijela"},"content":{"rendered":"<p>Plosnata plutaca s jednom rupom, 80mm, bijela &#8211; <\/p>\n<p>Ozna\u010dite bojice s prolaznom rupom. Za mre\u017ee, u\u017ead za skijanje, pliva\u010dke staze i priveze.<\/p>\n","protected":false},"excerpt":{"rendered":"<p>Plosnata plutaca s jednom rupom, 80mm, bijela &#8211; Ozna\u010dite bojice s prolaznom rupom. Za mre\u017ee, u\u017ead za skijanje, pliva\u010dke staze<\/p>\n","protected":false},"featured_media":5940138,"comment_status":"closed","ping_status":"closed","template":"","meta":[],"product_brand":[2856],"product_cat":[1850],"product_tag":[],"class_list":{"0":"post-3688676","1":"product","2":"type-product","3":"status-publish","4":"has-post-thumbnail","6":"product_brand-can-marine-hr","7":"product_cat-plutace-za-privez-i-signalizaciju","9":"first","10":"instock","11":"shipping-taxable","12":"purchasable","13":"product-type-simple"},"_links":{"self":[{"href":"https:\/\/stoic-curie.212-227-153-4.plesk.page\/hr\/wp-json\/wp\/v2\/product\/3688676","targetHints":{"allow":["GET"]}}],"collection":[{"href":"https:\/\/stoic-curie.212-227-153-4.plesk.page\/hr\/wp-json\/wp\/v2\/product"}],"about":[{"href":"https:\/\/stoic-curie.212-227-153-4.plesk.page\/hr\/wp-json\/wp\/v2\/types\/product"}],"replies":[{"embeddable":true,"href":"https:\/\/stoic-curie.212-227-153-4.plesk.page\/hr\/wp-json\/wp\/v2\/comments?post=3688676"}],"version-history":[{"count":0,"href":"https:\/\/stoic-curie.212-227-153-4.plesk.page\/hr\/wp-json\/wp\/v2\/product\/3688676\/revisions"}],"wp:featuredmedia":[{"embeddable":true,"href":"https:\/\/stoic-curie.212-227-153-4.plesk.page\/hr\/wp-json\/wp\/v2\/media\/5940138"}],"wp:attachment":[{"href":"https:\/\/stoic-curie.212-227-153-4.plesk.page\/hr\/wp-json\/wp\/v2\/media?parent=3688676"}],"wp:term":[{"taxonomy":"product_brand","embeddable":true,"href":"https:\/\/stoic-curie.212-227-153-4.plesk.page\/hr\/wp-json\/wp\/v2\/product_brand?post=3688676"},{"taxonomy":"product_cat","embeddable":true,"href":"https:\/\/stoic-curie.212-227-153-4.plesk.page\/hr\/wp-json\/wp\/v2\/product_cat?post=3688676"},{"taxonomy":"product_tag","embeddable":true,"href":"https:\/\/stoic-curie.212-227-153-4.plesk.page\/hr\/wp-json\/wp\/v2\/product_tag?post=3688676"}],"curies":[{"name":"wp","href":"https:\/\/api.w.org\/{rel}","templated":true}]}}