{"id":3688678,"date":"2025-10-13T13:35:15","date_gmt":"2025-10-13T17:35:15","guid":{"rendered":"https:\/\/stoic-curie.212-227-153-4.plesk.page\/product\/profilna-bokostitnica-h37-aluminij\/"},"modified":"2026-02-25T00:00:49","modified_gmt":"2026-02-25T00:00:49","slug":"profilna-bokostitnica-h37-aluminij","status":"publish","type":"product","link":"https:\/\/stoic-curie.212-227-153-4.plesk.page\/hr\/product\/profilna-bokostitnica-h37-aluminij\/","title":{"rendered":"Profilna boko\u0161titnica H37 aluminij"},"content":{"rendered":"<p>Profilna boko\u0161titnica H37 aluminij &#8211; <\/p>\n<p>Profil za za\u0161titu s anodiziranom aluminijskom za\u0161titnom gumom. Aluminijska za\u0161titna guma dolazi u 4-metarskim trakama i treba je odabrati prema \u017eeljenoj visini (H mm). Crni ili bijeli PVC umetak dostupan je u pakiranjima od 12, 16 i 24 metra.<\/p>\n","protected":false},"excerpt":{"rendered":"<p>Profilna boko\u0161titnica H37 aluminij &#8211; Profil za za\u0161titu s anodiziranom aluminijskom za\u0161titnom gumom. Aluminijska za\u0161titna guma dolazi u 4-metarskim trakama<\/p>\n","protected":false},"featured_media":5940140,"comment_status":"closed","ping_status":"closed","template":"","meta":[],"product_brand":[3481],"product_cat":[1852],"product_tag":[],"class_list":{"0":"post-3688678","1":"product","2":"type-product","3":"status-publish","4":"has-post-thumbnail","6":"product_brand-tessilmare-hr","7":"product_cat-profili-za-bokobrane","9":"first","10":"instock","11":"shipping-taxable","12":"purchasable","13":"product-type-simple"},"_links":{"self":[{"href":"https:\/\/stoic-curie.212-227-153-4.plesk.page\/hr\/wp-json\/wp\/v2\/product\/3688678","targetHints":{"allow":["GET"]}}],"collection":[{"href":"https:\/\/stoic-curie.212-227-153-4.plesk.page\/hr\/wp-json\/wp\/v2\/product"}],"about":[{"href":"https:\/\/stoic-curie.212-227-153-4.plesk.page\/hr\/wp-json\/wp\/v2\/types\/product"}],"replies":[{"embeddable":true,"href":"https:\/\/stoic-curie.212-227-153-4.plesk.page\/hr\/wp-json\/wp\/v2\/comments?post=3688678"}],"version-history":[{"count":0,"href":"https:\/\/stoic-curie.212-227-153-4.plesk.page\/hr\/wp-json\/wp\/v2\/product\/3688678\/revisions"}],"wp:featuredmedia":[{"embeddable":true,"href":"https:\/\/stoic-curie.212-227-153-4.plesk.page\/hr\/wp-json\/wp\/v2\/media\/5940140"}],"wp:attachment":[{"href":"https:\/\/stoic-curie.212-227-153-4.plesk.page\/hr\/wp-json\/wp\/v2\/media?parent=3688678"}],"wp:term":[{"taxonomy":"product_brand","embeddable":true,"href":"https:\/\/stoic-curie.212-227-153-4.plesk.page\/hr\/wp-json\/wp\/v2\/product_brand?post=3688678"},{"taxonomy":"product_cat","embeddable":true,"href":"https:\/\/stoic-curie.212-227-153-4.plesk.page\/hr\/wp-json\/wp\/v2\/product_cat?post=3688678"},{"taxonomy":"product_tag","embeddable":true,"href":"https:\/\/stoic-curie.212-227-153-4.plesk.page\/hr\/wp-json\/wp\/v2\/product_tag?post=3688678"}],"curies":[{"name":"wp","href":"https:\/\/api.w.org\/{rel}","templated":true}]}}