{"id":3688680,"date":"2025-10-13T13:35:16","date_gmt":"2025-10-13T17:35:16","guid":{"rendered":"https:\/\/stoic-curie.212-227-153-4.plesk.page\/product\/crna-plasticna-zavrsna-kapa-za-profil-bokostitnice-h56\/"},"modified":"2026-02-25T00:00:49","modified_gmt":"2026-02-25T00:00:49","slug":"crna-plasticna-zavrsna-kapa-za-profil-bokostitnice-h56","status":"publish","type":"product","link":"https:\/\/stoic-curie.212-227-153-4.plesk.page\/hr\/product\/crna-plasticna-zavrsna-kapa-za-profil-bokostitnice-h56\/","title":{"rendered":"Crna plasti\u010dna zavr\u0161na kapa za profil boko\u0161titnice H56"},"content":{"rendered":"<p>Crna plasti\u010dna zavr\u0161na kapa za profil boko\u0161titnice H56 &#8211; <\/p>\n<p>Profil za\u0161tite s anodiziranim aluminijskim rubom. Aluminijski rub je dostupan u \u0161ipkama od 4 metra i mora se odabrati prema \u017eeljenoj visini (H mm). Crni ili bijeli PVC umetak dostupan je u pakiranjima od 12, 16 i 24 metra.<\/p>\n","protected":false},"excerpt":{"rendered":"<p>Crna plasti\u010dna zavr\u0161na kapa za profil boko\u0161titnice H56 &#8211; Profil za\u0161tite s anodiziranim aluminijskim rubom. Aluminijski rub je dostupan u<\/p>\n","protected":false},"featured_media":5940149,"comment_status":"closed","ping_status":"closed","template":"","meta":[],"product_brand":[3481],"product_cat":[1852],"product_tag":[],"class_list":{"0":"post-3688680","1":"product","2":"type-product","3":"status-publish","4":"has-post-thumbnail","6":"product_brand-tessilmare-hr","7":"product_cat-profili-za-bokobrane","9":"first","10":"instock","11":"shipping-taxable","12":"purchasable","13":"product-type-simple"},"_links":{"self":[{"href":"https:\/\/stoic-curie.212-227-153-4.plesk.page\/hr\/wp-json\/wp\/v2\/product\/3688680","targetHints":{"allow":["GET"]}}],"collection":[{"href":"https:\/\/stoic-curie.212-227-153-4.plesk.page\/hr\/wp-json\/wp\/v2\/product"}],"about":[{"href":"https:\/\/stoic-curie.212-227-153-4.plesk.page\/hr\/wp-json\/wp\/v2\/types\/product"}],"replies":[{"embeddable":true,"href":"https:\/\/stoic-curie.212-227-153-4.plesk.page\/hr\/wp-json\/wp\/v2\/comments?post=3688680"}],"version-history":[{"count":0,"href":"https:\/\/stoic-curie.212-227-153-4.plesk.page\/hr\/wp-json\/wp\/v2\/product\/3688680\/revisions"}],"wp:featuredmedia":[{"embeddable":true,"href":"https:\/\/stoic-curie.212-227-153-4.plesk.page\/hr\/wp-json\/wp\/v2\/media\/5940149"}],"wp:attachment":[{"href":"https:\/\/stoic-curie.212-227-153-4.plesk.page\/hr\/wp-json\/wp\/v2\/media?parent=3688680"}],"wp:term":[{"taxonomy":"product_brand","embeddable":true,"href":"https:\/\/stoic-curie.212-227-153-4.plesk.page\/hr\/wp-json\/wp\/v2\/product_brand?post=3688680"},{"taxonomy":"product_cat","embeddable":true,"href":"https:\/\/stoic-curie.212-227-153-4.plesk.page\/hr\/wp-json\/wp\/v2\/product_cat?post=3688680"},{"taxonomy":"product_tag","embeddable":true,"href":"https:\/\/stoic-curie.212-227-153-4.plesk.page\/hr\/wp-json\/wp\/v2\/product_tag?post=3688680"}],"curies":[{"name":"wp","href":"https:\/\/api.w.org\/{rel}","templated":true}]}}